{"id":1110,"date":"2013-08-08T15:57:48","date_gmt":"2013-08-08T13:57:48","guid":{"rendered":"http:\/\/www.fipsasbologna.it\/?page_id=1110"},"modified":"2021-11-25T19:42:45","modified_gmt":"2021-11-25T18:42:45","slug":"attivita-in-sapaba-2","status":"publish","type":"page","link":"https:\/\/www.fipsasbologna.it\/index.php\/acque-impianti-2\/laghi-sapaba\/attivita-in-sapaba-2\/","title":{"rendered":"Attivit\u00e0 in Sapaba"},"content":{"rendered":"<p><strong>LAGO 1<\/strong> &#8211; E&#8217; consentita la pesca tutti i giorni ai possessori di abbonamento annuale o di permesso giornaliero a pagamento da richiedere nella struttura vicino alla tettoia del Lago 2 o direttamente agli addetti alla vigilanza\/manutenzione presenti. La pesca amatoriale \u00e9 interdetta in occasione di manifestazioni agonistiche o promozionali debitamente segnalate e tabellate preventivamente. E&#8217; consentito praticare la pesca al colpo, il feederfishing, il method feeder, il carp fishing, la pesca con il belly boat, la pesca a spinning e la pesca a mosca.<\/p>\n<p><strong>LAGO 2<\/strong> &#8211; E&#8217; consentita la pesca tutti i giorni ai possessori di abbonamento annuale o di permesso giornaliero a pagamento da richiedere nella struttura vicino alla tettoia del Lago 2 o direttamente agli addetti alla vigilanza\/manutenzione presenti. La pesca amatoriale \u00e9 sempre interdetta nei giorni di marted\u00ec, gioved\u00ec e sabato pomeriggio per lo svolgimento delle gare a libera iscrizione organizzate dalla Sezione e in occasione di manifestazioni agonistiche o promozionali debitamente segnalate e tabellate preventivamente.<\/p>\n<p>E&#8217; consentita la pesca al colpo, il feederfishing, la pesca a spinning. Le esche naturali consentite sono limitate a kg 1,5 di bigattini, mais due barattoli, vermi solo da innesco. Sempre vietato l&#8217;uso di sfarinati salvo specifiche deroghe chieste anticipatamente alla Sezione FIPSAS.<\/p>\n","protected":false},"excerpt":{"rendered":"<p>LAGO 1 &#8211; E&#8217; consentita la pesca tutti i giorni ai possessori di abbonamento annuale o di permesso giornaliero a pagamento da richiedere nella struttura vicino alla tettoia del Lago 2 o direttamente agli addetti alla vigilanza\/manutenzione presenti. La pesca amatoriale \u00e9 interdetta in occasione di manifestazioni agonistiche o promozionali debitamente segnalate e tabellate preventivamente. [&hellip;]<\/p>\n<div class='heateorSssClear'><\/div><div  class='heateor_sss_sharing_container heateor_sss_horizontal_sharing' data-heateor-sss-href='https:\/\/www.fipsasbologna.it\/index.php\/acque-impianti-2\/laghi-sapaba\/attivita-in-sapaba-2\/'><div class='heateor_sss_sharing_title' style=\"font-weight:bold\" >Condividi su:<\/div><div class=\"heateor_sss_sharing_ul\"><a style=\"padding:7.35px 0 !important\" class=\"heateor_sss_facebook_share\"><div class=\"fb-share-button\" data-href=\"https:\/\/www.fipsasbologna.it\/index.php\/acque-impianti-2\/laghi-sapaba\/attivita-in-sapaba-2\/\" data-layout=\"button\"><\/div><\/a><\/div><div class=\"heateorSssClear\"><\/div><\/div><div class='heateorSssClear'><\/div>","protected":false},"author":1,"featured_media":0,"parent":178,"menu_order":0,"comment_status":"closed","ping_status":"closed","template":"","meta":{"ngg_post_thumbnail":0},"yoast_head":"<!-- This site is optimized with the Yoast SEO plugin v17.7.1 - https:\/\/yoast.com\/wordpress\/plugins\/seo\/ -->\r\n<title>Attivit\u00e0 in Sapaba - Fipsas Bologna<\/title>\r\n<meta name=\"robots\" content=\"index, follow, max-snippet:-1, max-image-preview:large, max-video-preview:-1\" \/>\r\n<link rel=\"canonical\" href=\"https:\/\/www.fipsasbologna.it\/index.php\/acque-impianti-2\/laghi-sapaba\/attivita-in-sapaba-2\/\" \/>\r\n<meta property=\"og:locale\" content=\"it_IT\" \/>\r\n<meta property=\"og:type\" content=\"article\" \/>\r\n<meta property=\"og:title\" content=\"Attivit\u00e0 in Sapaba - Fipsas Bologna\" \/>\r\n<meta property=\"og:description\" content=\"LAGO 1 &#8211; E&#8217; consentita la pesca tutti i giorni ai possessori di abbonamento annuale o di permesso giornaliero a pagamento da richiedere nella struttura vicino alla tettoia del Lago 2 o direttamente agli addetti alla vigilanza\/manutenzione presenti. La pesca amatoriale \u00e9 interdetta in occasione di manifestazioni agonistiche o promozionali debitamente segnalate e tabellate preventivamente. [&hellip;]\" \/>\r\n<meta property=\"og:url\" content=\"https:\/\/www.fipsasbologna.it\/index.php\/acque-impianti-2\/laghi-sapaba\/attivita-in-sapaba-2\/\" \/>\r\n<meta property=\"og:site_name\" content=\"Fipsas Bologna\" \/>\r\n<meta property=\"article:modified_time\" content=\"2021-11-25T18:42:45+00:00\" \/>\r\n<meta name=\"twitter:card\" content=\"summary_large_image\" \/>\r\n<meta name=\"twitter:label1\" content=\"Tempo di lettura stimato\" \/>\n\t<meta name=\"twitter:data1\" content=\"1 minuto\" \/>\r\n<script type=\"application\/ld+json\" class=\"yoast-schema-graph\">{\"@context\":\"https:\/\/schema.org\",\"@graph\":[{\"@type\":\"WebSite\",\"@id\":\"https:\/\/www.fipsasbologna.it\/#website\",\"url\":\"https:\/\/www.fipsasbologna.it\/\",\"name\":\"Fipsas Bologna\",\"description\":\"\",\"potentialAction\":[{\"@type\":\"SearchAction\",\"target\":{\"@type\":\"EntryPoint\",\"urlTemplate\":\"https:\/\/www.fipsasbologna.it\/?s={search_term_string}\"},\"query-input\":\"required name=search_term_string\"}],\"inLanguage\":\"it-IT\"},{\"@type\":\"WebPage\",\"@id\":\"https:\/\/www.fipsasbologna.it\/index.php\/acque-impianti-2\/laghi-sapaba\/attivita-in-sapaba-2\/#webpage\",\"url\":\"https:\/\/www.fipsasbologna.it\/index.php\/acque-impianti-2\/laghi-sapaba\/attivita-in-sapaba-2\/\",\"name\":\"Attivit\\u00e0 in Sapaba - Fipsas Bologna\",\"isPartOf\":{\"@id\":\"https:\/\/www.fipsasbologna.it\/#website\"},\"datePublished\":\"2013-08-08T13:57:48+00:00\",\"dateModified\":\"2021-11-25T18:42:45+00:00\",\"breadcrumb\":{\"@id\":\"https:\/\/www.fipsasbologna.it\/index.php\/acque-impianti-2\/laghi-sapaba\/attivita-in-sapaba-2\/#breadcrumb\"},\"inLanguage\":\"it-IT\",\"potentialAction\":[{\"@type\":\"ReadAction\",\"target\":[\"https:\/\/www.fipsasbologna.it\/index.php\/acque-impianti-2\/laghi-sapaba\/attivita-in-sapaba-2\/\"]}]},{\"@type\":\"BreadcrumbList\",\"@id\":\"https:\/\/www.fipsasbologna.it\/index.php\/acque-impianti-2\/laghi-sapaba\/attivita-in-sapaba-2\/#breadcrumb\",\"itemListElement\":[{\"@type\":\"ListItem\",\"position\":1,\"name\":\"Home\",\"item\":\"https:\/\/www.fipsasbologna.it\/\"},{\"@type\":\"ListItem\",\"position\":2,\"name\":\"Acque &#038; Impianti\",\"item\":\"https:\/\/www.fipsasbologna.it\/index.php\/acque-impianti-2\/\"},{\"@type\":\"ListItem\",\"position\":3,\"name\":\"Laghi Sapaba\",\"item\":\"https:\/\/www.fipsasbologna.it\/index.php\/acque-impianti-2\/laghi-sapaba\/\"},{\"@type\":\"ListItem\",\"position\":4,\"name\":\"Attivit\\u00e0 in Sapaba\"}]}]}<\/script>\r\n<!-- \/ Yoast SEO plugin. -->","yoast_head_json":{"title":"Attivit\u00e0 in Sapaba - Fipsas Bologna","robots":{"index":"index","follow":"follow","max-snippet":"max-snippet:-1","max-image-preview":"max-image-preview:large","max-video-preview":"max-video-preview:-1"},"canonical":"https:\/\/www.fipsasbologna.it\/index.php\/acque-impianti-2\/laghi-sapaba\/attivita-in-sapaba-2\/","og_locale":"it_IT","og_type":"article","og_title":"Attivit\u00e0 in Sapaba - Fipsas Bologna","og_description":"LAGO 1 &#8211; E&#8217; consentita la pesca tutti i giorni ai possessori di abbonamento annuale o di permesso giornaliero a pagamento da richiedere nella struttura vicino alla tettoia del Lago 2 o direttamente agli addetti alla vigilanza\/manutenzione presenti. La pesca amatoriale \u00e9 interdetta in occasione di manifestazioni agonistiche o promozionali debitamente segnalate e tabellate preventivamente. [&hellip;]","og_url":"https:\/\/www.fipsasbologna.it\/index.php\/acque-impianti-2\/laghi-sapaba\/attivita-in-sapaba-2\/","og_site_name":"Fipsas Bologna","article_modified_time":"2021-11-25T18:42:45+00:00","twitter_card":"summary_large_image","twitter_misc":{"Tempo di lettura stimato":"1 minuto"},"schema":{"@context":"https:\/\/schema.org","@graph":[{"@type":"WebSite","@id":"https:\/\/www.fipsasbologna.it\/#website","url":"https:\/\/www.fipsasbologna.it\/","name":"Fipsas Bologna","description":"","potentialAction":[{"@type":"SearchAction","target":{"@type":"EntryPoint","urlTemplate":"https:\/\/www.fipsasbologna.it\/?s={search_term_string}"},"query-input":"required name=search_term_string"}],"inLanguage":"it-IT"},{"@type":"WebPage","@id":"https:\/\/www.fipsasbologna.it\/index.php\/acque-impianti-2\/laghi-sapaba\/attivita-in-sapaba-2\/#webpage","url":"https:\/\/www.fipsasbologna.it\/index.php\/acque-impianti-2\/laghi-sapaba\/attivita-in-sapaba-2\/","name":"Attivit\u00e0 in Sapaba - Fipsas Bologna","isPartOf":{"@id":"https:\/\/www.fipsasbologna.it\/#website"},"datePublished":"2013-08-08T13:57:48+00:00","dateModified":"2021-11-25T18:42:45+00:00","breadcrumb":{"@id":"https:\/\/www.fipsasbologna.it\/index.php\/acque-impianti-2\/laghi-sapaba\/attivita-in-sapaba-2\/#breadcrumb"},"inLanguage":"it-IT","potentialAction":[{"@type":"ReadAction","target":["https:\/\/www.fipsasbologna.it\/index.php\/acque-impianti-2\/laghi-sapaba\/attivita-in-sapaba-2\/"]}]},{"@type":"BreadcrumbList","@id":"https:\/\/www.fipsasbologna.it\/index.php\/acque-impianti-2\/laghi-sapaba\/attivita-in-sapaba-2\/#breadcrumb","itemListElement":[{"@type":"ListItem","position":1,"name":"Home","item":"https:\/\/www.fipsasbologna.it\/"},{"@type":"ListItem","position":2,"name":"Acque &#038; Impianti","item":"https:\/\/www.fipsasbologna.it\/index.php\/acque-impianti-2\/"},{"@type":"ListItem","position":3,"name":"Laghi Sapaba","item":"https:\/\/www.fipsasbologna.it\/index.php\/acque-impianti-2\/laghi-sapaba\/"},{"@type":"ListItem","position":4,"name":"Attivit\u00e0 in Sapaba"}]}]}},"_links":{"self":[{"href":"https:\/\/www.fipsasbologna.it\/index.php\/wp-json\/wp\/v2\/pages\/1110"}],"collection":[{"href":"https:\/\/www.fipsasbologna.it\/index.php\/wp-json\/wp\/v2\/pages"}],"about":[{"href":"https:\/\/www.fipsasbologna.it\/index.php\/wp-json\/wp\/v2\/types\/page"}],"author":[{"embeddable":true,"href":"https:\/\/www.fipsasbologna.it\/index.php\/wp-json\/wp\/v2\/users\/1"}],"replies":[{"embeddable":true,"href":"https:\/\/www.fipsasbologna.it\/index.php\/wp-json\/wp\/v2\/comments?post=1110"}],"version-history":[{"count":2,"href":"https:\/\/www.fipsasbologna.it\/index.php\/wp-json\/wp\/v2\/pages\/1110\/revisions"}],"predecessor-version":[{"id":5949,"href":"https:\/\/www.fipsasbologna.it\/index.php\/wp-json\/wp\/v2\/pages\/1110\/revisions\/5949"}],"up":[{"embeddable":true,"href":"https:\/\/www.fipsasbologna.it\/index.php\/wp-json\/wp\/v2\/pages\/178"}],"wp:attachment":[{"href":"https:\/\/www.fipsasbologna.it\/index.php\/wp-json\/wp\/v2\/media?parent=1110"}],"curies":[{"name":"wp","href":"https:\/\/api.w.org\/{rel}","templated":true}]}}