{"id":1405,"date":"2013-08-15T20:59:11","date_gmt":"2013-08-15T18:59:11","guid":{"rendered":"http:\/\/www.fipsasbologna.it\/?page_id=1405"},"modified":"2022-05-14T16:59:32","modified_gmt":"2022-05-14T14:59:32","slug":"attivita-2","status":"publish","type":"page","link":"https:\/\/www.fipsasbologna.it\/index.php\/pesca-superficie\/attivita-2\/","title":{"rendered":"Attivit\u00e0"},"content":{"rendered":"<h5>&nbsp;<\/h5>\n<table width=\"680\" align=\"center\">\n<tbody>\n<tr>\n<td style=\"text-align: center; vertical-align: middle; width: 152px;\">\n<h6 style=\"text-align: left;\">Alcuni tra i migliori giochi di pesca online.<\/h6>\n<\/td>\n<td style=\"text-align: center; vertical-align: middle; width: 47px;\">&nbsp;<\/td>\n<td style=\"vertical-align: bottom; width: 464px;\">\n<h6>&nbsp;<\/h6>\n<\/td>\n<\/tr>\n<tr>\n<td style=\"text-align: center; vertical-align: middle; width: 152px;\">\n<p style=\"text-align: left;\"><a href=\"http:\/\/www.onlinefishinggames.net\/\"><img loading=\"lazy\" class=\"alignnone size-full wp-image-362\" src=\"\/wp-content\/uploads\/2013\/06\/20706.jpg\" alt=\"20706\" width=\"130\" height=\"79\"><\/a><\/p>\n<\/td>\n<td style=\"text-align: center; vertical-align: middle; width: 47px;\">&nbsp;<\/td>\n<td style=\"width: 157px; border-color: #cccccc; vertical-align: middle;\">\n<table width=\"477\" cellspacing=\"1\" cellpadding=\"1\" border=\"1\">\n<tbody>\n<tr>\n<td style=\"width: 33%; border-color: #cccccc; vertical-align: middle; text-align: center; height: 30px;\" colspan=\"2\">&nbsp;<\/td>\n<td style=\"width: 33%; border-color: #cccccc; vertical-align: middle; text-align: center;\">&nbsp;<\/td>\n<td style=\"width: 95px; border-color: #cccccc; vertical-align: middle; text-align: center;\">&nbsp;<\/td>\n<\/tr>\n<\/tbody>\n<\/table>\n<p>&nbsp;<\/td>\n<\/tr>\n<tr>\n<td style=\"text-align: center; vertical-align: middle; width: 152px;\">\n<p style=\"text-align: left;\"><a href=\"http:\/\/it.pog.com\/tags\/Fishing\"><img loading=\"lazy\" class=\"alignnone size-full wp-image-364\" src=\"\/wp-content\/uploads\/2013\/06\/fishing-game.jpg\" alt=\"fishing-game\" width=\"130\" height=\"96\"><\/a><\/p>\n<\/td>\n<td style=\"text-align: left; vertical-align: middle; width: 47px;\">&nbsp;<\/td>\n<td style=\"text-align: left; vertical-align: middle; width: 464px;\" colspan=\"1\" rowspan=\"3\">\n<h4 style=\"margin-bottom: 15px;\">Corsi per ragazzi<\/h4>\n<p style=\"text-align: justify;\">I corsi nascono con l&#8217;intento di avvicinare i giovani al nostro Sport. Corsi gratuiti per divertirsi con la pesca sportiva, e allo stesso tempo accrescere, con la FIPSAS, il rispetto per l\u2019Ambiente, la conoscenza dei pesci e l\u2019amore per la natura.<\/p>\n<p style=\"text-align: justify;\">Il corso \u00e8 indirizzato a tutti i ragazzi fino all&#8217;et\u00e0 di anni 18 e sar\u00e0 tenuto da Istruttori Federali FIPSAS coadiuvati da Tecnici ed Agonisti.<\/p>\n<p style=\"text-align: justify;\">Articolato in pi\u00f9 lezioni, esso mira a fornire ai partecipanti le basilari nozioni di biologia ittica, tutela dell&#8217;ambiente, rispetto dei regolamenti, biologia dell&#8217;acqua e fair play, oltre che le necessarie nozioni tecniche relative alla pratica della Pesca Sportiva.<\/p>\n<p style=\"text-align: justify;\">A tutti i partecipanti sar\u00e0 consegnata la Tessera Federale, che dar\u00e0 diritto, tra l&#8217;altro, alla COPERTURA ASSICURATIVA SPORTIVA valida anche durante l&#8217;attivit\u00e0 didattica.<\/p>\n<\/td>\n<\/tr>\n<tr>\n<td style=\"text-align: center; vertical-align: middle; width: 152px;\">\n<p style=\"text-align: left;\"><a href=\"http:\/\/www.giochiscimmia.it\/Giochi\/fishing\/tag\"><img loading=\"lazy\" class=\"alignnone size-full wp-image-365\" src=\"\/wp-content\/uploads\/2013\/06\/sea-fishing.jpg\" alt=\"sea-fishing\" width=\"130\" height=\"97\"><\/a><\/p>\n<\/td>\n<td style=\"vertical-align: middle; width: 47px;\">&nbsp;<\/td>\n<\/tr>\n<tr>\n<td style=\"vertical-align: middle; width: 152px;\"><a href=\"http:\/\/it.y8.com\/tags\/Fishing\" target=\"_blank\" rel=\"noopener\"><img class=\"auto-style1\" style=\"width: 122px; height: 110px;\" src=\"\/wp-content\/uploads\/2013\/06\/bass.jpg\"><\/a><\/td>\n<td style=\"vertical-align: middle; width: 47px;\">&nbsp;<\/td>\n<\/tr>\n<\/tbody>\n<\/table>\n","protected":false},"excerpt":{"rendered":"<p>&nbsp; Alcuni tra i migliori giochi di pesca online. &nbsp; &nbsp; &nbsp; &nbsp; &nbsp; &nbsp; &nbsp; &nbsp; Corsi per ragazzi I corsi nascono con l&#8217;intento di avvicinare i giovani al nostro Sport. Corsi gratuiti per divertirsi con la pesca sportiva, e allo stesso tempo accrescere, con la FIPSAS, il rispetto per l\u2019Ambiente, la conoscenza dei [&hellip;]<\/p>\n<div class='heateorSssClear'><\/div><div  class='heateor_sss_sharing_container heateor_sss_horizontal_sharing' data-heateor-sss-href='https:\/\/www.fipsasbologna.it\/index.php\/pesca-superficie\/attivita-2\/'><div class='heateor_sss_sharing_title' style=\"font-weight:bold\" >Condividi su:<\/div><div class=\"heateor_sss_sharing_ul\"><a style=\"padding:7.35px 0 !important\" class=\"heateor_sss_facebook_share\"><div class=\"fb-share-button\" data-href=\"https:\/\/www.fipsasbologna.it\/index.php\/pesca-superficie\/attivita-2\/\" data-layout=\"button\"><\/div><\/a><\/div><div class=\"heateorSssClear\"><\/div><\/div><div class='heateorSssClear'><\/div>","protected":false},"author":1,"featured_media":0,"parent":58,"menu_order":0,"comment_status":"closed","ping_status":"closed","template":"","meta":{"ngg_post_thumbnail":0},"yoast_head":"<!-- This site is optimized with the Yoast SEO plugin v17.7.1 - https:\/\/yoast.com\/wordpress\/plugins\/seo\/ -->\r\n<title>Attivit\u00e0 - Fipsas Bologna<\/title>\r\n<meta name=\"robots\" content=\"index, follow, max-snippet:-1, max-image-preview:large, max-video-preview:-1\" \/>\r\n<link rel=\"canonical\" href=\"https:\/\/www.fipsasbologna.it\/index.php\/pesca-superficie\/attivita-2\/\" \/>\r\n<meta property=\"og:locale\" content=\"it_IT\" \/>\r\n<meta property=\"og:type\" content=\"article\" \/>\r\n<meta property=\"og:title\" content=\"Attivit\u00e0 - Fipsas Bologna\" \/>\r\n<meta property=\"og:description\" content=\"&nbsp; Alcuni tra i migliori giochi di pesca online. &nbsp; &nbsp; &nbsp; &nbsp; &nbsp; &nbsp; &nbsp; &nbsp; Corsi per ragazzi I corsi nascono con l&#8217;intento di avvicinare i giovani al nostro Sport. Corsi gratuiti per divertirsi con la pesca sportiva, e allo stesso tempo accrescere, con la FIPSAS, il rispetto per l\u2019Ambiente, la conoscenza dei [&hellip;]\" \/>\r\n<meta property=\"og:url\" content=\"https:\/\/www.fipsasbologna.it\/index.php\/pesca-superficie\/attivita-2\/\" \/>\r\n<meta property=\"og:site_name\" content=\"Fipsas Bologna\" \/>\r\n<meta property=\"article:modified_time\" content=\"2022-05-14T14:59:32+00:00\" \/>\r\n<meta property=\"og:image\" content=\"https:\/\/www.fipsasbologna.it\/wp-content\/uploads\/2013\/06\/20706.jpg\" \/>\r\n<meta name=\"twitter:card\" content=\"summary_large_image\" \/>\r\n<meta name=\"twitter:label1\" content=\"Tempo di lettura stimato\" \/>\n\t<meta name=\"twitter:data1\" content=\"2 minuti\" \/>\r\n<script type=\"application\/ld+json\" class=\"yoast-schema-graph\">{\"@context\":\"https:\/\/schema.org\",\"@graph\":[{\"@type\":\"WebSite\",\"@id\":\"https:\/\/www.fipsasbologna.it\/#website\",\"url\":\"https:\/\/www.fipsasbologna.it\/\",\"name\":\"Fipsas Bologna\",\"description\":\"\",\"potentialAction\":[{\"@type\":\"SearchAction\",\"target\":{\"@type\":\"EntryPoint\",\"urlTemplate\":\"https:\/\/www.fipsasbologna.it\/?s={search_term_string}\"},\"query-input\":\"required name=search_term_string\"}],\"inLanguage\":\"it-IT\"},{\"@type\":\"ImageObject\",\"@id\":\"https:\/\/www.fipsasbologna.it\/index.php\/pesca-superficie\/attivita-2\/#primaryimage\",\"inLanguage\":\"it-IT\",\"url\":\"\/wp-content\/uploads\/2013\/06\/20706.jpg\",\"contentUrl\":\"\/wp-content\/uploads\/2013\/06\/20706.jpg\"},{\"@type\":\"WebPage\",\"@id\":\"https:\/\/www.fipsasbologna.it\/index.php\/pesca-superficie\/attivita-2\/#webpage\",\"url\":\"https:\/\/www.fipsasbologna.it\/index.php\/pesca-superficie\/attivita-2\/\",\"name\":\"Attivit\\u00e0 - Fipsas Bologna\",\"isPartOf\":{\"@id\":\"https:\/\/www.fipsasbologna.it\/#website\"},\"primaryImageOfPage\":{\"@id\":\"https:\/\/www.fipsasbologna.it\/index.php\/pesca-superficie\/attivita-2\/#primaryimage\"},\"datePublished\":\"2013-08-15T18:59:11+00:00\",\"dateModified\":\"2022-05-14T14:59:32+00:00\",\"breadcrumb\":{\"@id\":\"https:\/\/www.fipsasbologna.it\/index.php\/pesca-superficie\/attivita-2\/#breadcrumb\"},\"inLanguage\":\"it-IT\",\"potentialAction\":[{\"@type\":\"ReadAction\",\"target\":[\"https:\/\/www.fipsasbologna.it\/index.php\/pesca-superficie\/attivita-2\/\"]}]},{\"@type\":\"BreadcrumbList\",\"@id\":\"https:\/\/www.fipsasbologna.it\/index.php\/pesca-superficie\/attivita-2\/#breadcrumb\",\"itemListElement\":[{\"@type\":\"ListItem\",\"position\":1,\"name\":\"Home\",\"item\":\"https:\/\/www.fipsasbologna.it\/\"},{\"@type\":\"ListItem\",\"position\":2,\"name\":\"PESCA DI SUPERFICIE\",\"item\":\"https:\/\/www.fipsasbologna.it\/index.php\/pesca-superficie\/\"},{\"@type\":\"ListItem\",\"position\":3,\"name\":\"Attivit\\u00e0\"}]}]}<\/script>\r\n<!-- \/ Yoast SEO plugin. -->","yoast_head_json":{"title":"Attivit\u00e0 - Fipsas Bologna","robots":{"index":"index","follow":"follow","max-snippet":"max-snippet:-1","max-image-preview":"max-image-preview:large","max-video-preview":"max-video-preview:-1"},"canonical":"https:\/\/www.fipsasbologna.it\/index.php\/pesca-superficie\/attivita-2\/","og_locale":"it_IT","og_type":"article","og_title":"Attivit\u00e0 - Fipsas Bologna","og_description":"&nbsp; Alcuni tra i migliori giochi di pesca online. &nbsp; &nbsp; &nbsp; &nbsp; &nbsp; &nbsp; &nbsp; &nbsp; Corsi per ragazzi I corsi nascono con l&#8217;intento di avvicinare i giovani al nostro Sport. Corsi gratuiti per divertirsi con la pesca sportiva, e allo stesso tempo accrescere, con la FIPSAS, il rispetto per l\u2019Ambiente, la conoscenza dei [&hellip;]","og_url":"https:\/\/www.fipsasbologna.it\/index.php\/pesca-superficie\/attivita-2\/","og_site_name":"Fipsas Bologna","article_modified_time":"2022-05-14T14:59:32+00:00","og_image":[{"url":"https:\/\/www.fipsasbologna.it\/wp-content\/uploads\/2013\/06\/20706.jpg"}],"twitter_card":"summary_large_image","twitter_misc":{"Tempo di lettura stimato":"2 minuti"},"schema":{"@context":"https:\/\/schema.org","@graph":[{"@type":"WebSite","@id":"https:\/\/www.fipsasbologna.it\/#website","url":"https:\/\/www.fipsasbologna.it\/","name":"Fipsas Bologna","description":"","potentialAction":[{"@type":"SearchAction","target":{"@type":"EntryPoint","urlTemplate":"https:\/\/www.fipsasbologna.it\/?s={search_term_string}"},"query-input":"required name=search_term_string"}],"inLanguage":"it-IT"},{"@type":"ImageObject","@id":"https:\/\/www.fipsasbologna.it\/index.php\/pesca-superficie\/attivita-2\/#primaryimage","inLanguage":"it-IT","url":"\/wp-content\/uploads\/2013\/06\/20706.jpg","contentUrl":"\/wp-content\/uploads\/2013\/06\/20706.jpg"},{"@type":"WebPage","@id":"https:\/\/www.fipsasbologna.it\/index.php\/pesca-superficie\/attivita-2\/#webpage","url":"https:\/\/www.fipsasbologna.it\/index.php\/pesca-superficie\/attivita-2\/","name":"Attivit\u00e0 - Fipsas Bologna","isPartOf":{"@id":"https:\/\/www.fipsasbologna.it\/#website"},"primaryImageOfPage":{"@id":"https:\/\/www.fipsasbologna.it\/index.php\/pesca-superficie\/attivita-2\/#primaryimage"},"datePublished":"2013-08-15T18:59:11+00:00","dateModified":"2022-05-14T14:59:32+00:00","breadcrumb":{"@id":"https:\/\/www.fipsasbologna.it\/index.php\/pesca-superficie\/attivita-2\/#breadcrumb"},"inLanguage":"it-IT","potentialAction":[{"@type":"ReadAction","target":["https:\/\/www.fipsasbologna.it\/index.php\/pesca-superficie\/attivita-2\/"]}]},{"@type":"BreadcrumbList","@id":"https:\/\/www.fipsasbologna.it\/index.php\/pesca-superficie\/attivita-2\/#breadcrumb","itemListElement":[{"@type":"ListItem","position":1,"name":"Home","item":"https:\/\/www.fipsasbologna.it\/"},{"@type":"ListItem","position":2,"name":"PESCA DI SUPERFICIE","item":"https:\/\/www.fipsasbologna.it\/index.php\/pesca-superficie\/"},{"@type":"ListItem","position":3,"name":"Attivit\u00e0"}]}]}},"_links":{"self":[{"href":"https:\/\/www.fipsasbologna.it\/index.php\/wp-json\/wp\/v2\/pages\/1405"}],"collection":[{"href":"https:\/\/www.fipsasbologna.it\/index.php\/wp-json\/wp\/v2\/pages"}],"about":[{"href":"https:\/\/www.fipsasbologna.it\/index.php\/wp-json\/wp\/v2\/types\/page"}],"author":[{"embeddable":true,"href":"https:\/\/www.fipsasbologna.it\/index.php\/wp-json\/wp\/v2\/users\/1"}],"replies":[{"embeddable":true,"href":"https:\/\/www.fipsasbologna.it\/index.php\/wp-json\/wp\/v2\/comments?post=1405"}],"version-history":[{"count":1,"href":"https:\/\/www.fipsasbologna.it\/index.php\/wp-json\/wp\/v2\/pages\/1405\/revisions"}],"predecessor-version":[{"id":6705,"href":"https:\/\/www.fipsasbologna.it\/index.php\/wp-json\/wp\/v2\/pages\/1405\/revisions\/6705"}],"up":[{"embeddable":true,"href":"https:\/\/www.fipsasbologna.it\/index.php\/wp-json\/wp\/v2\/pages\/58"}],"wp:attachment":[{"href":"https:\/\/www.fipsasbologna.it\/index.php\/wp-json\/wp\/v2\/media?parent=1405"}],"curies":[{"name":"wp","href":"https:\/\/api.w.org\/{rel}","templated":true}]}}