{"id":176,"date":"2013-06-24T13:14:10","date_gmt":"2013-06-24T11:14:10","guid":{"rendered":"http:\/\/www.fipsasbologna.it\/?page_id=176"},"modified":"2025-05-26T18:06:41","modified_gmt":"2025-05-26T16:06:41","slug":"valle-santa","status":"publish","type":"page","link":"https:\/\/www.fipsasbologna.it\/index.php\/acque-impianti-2\/valle-santa\/","title":{"rendered":"ValleSanta"},"content":{"rendered":"<p style=\"text-align: justify; background-color: #ffff00;\"><span style=\"font-size: 16px;\"><a href=\"\/?cat=2\">leggi tutte le news&#8230;<\/a><\/span><\/p>\n<p style=\"text-align: justify;\">&nbsp;<\/p>\n<h2 style=\"text-align: center;\"><strong><a href=\"\/wp-content\/uploads\/2019\/03\/07.03.2019-Calendario-Gare.pdf\">VALLE SANTA&nbsp; <\/a><\/strong><\/h2>\n<p style=\"text-align: justify;\">Le Valli di Campotto (o Valle Santa) sono bacini d\u2019acqua dolce utilizzate come cassa di espansione per il sistema scolante della bassa pianura bolognese afferente al fiume Reno.<\/p>\n<p style=\"text-align: justify;\">In questa zona arrivano i fiumi Idice, Quaderna e Sillaro, e i canali Lorgana, Della Botte, Menata e Garda, i quali affluiscono al Reno in localit\u00e0 Bastia.<\/p>\n<p style=\"text-align: justify;\">Le acque vengono immesse durante le piene per essere poi successivamente scaricate, tramite pompe idrovore, nel fiume Reno.<\/p>\n<p><strong><span style=\"color: #ff0000;\">Valle Santa Gemma d&#8217;acqua &#8211; visita all&#8217;oasi<\/span><\/strong>&nbsp; <a href=\"https:\/\/youtu.be\/R1WvYusniVE\">https:\/\/youtu.be\/R1WvYusniVE<\/a><\/p>\n<p>&nbsp;<\/p>\n<p style=\"text-align: justify;\"><!--StyleSheet Link--><\/p>\n<table width=\"639\" border=\"1\" align=\"center\">\n<tbody>\n<tr>\n<td class=\"auto-style1\" style=\"width: 114px; vertical-align: middle; border-color: #999999;\">Tipologia<\/td>\n<td class=\"auto-style1\" style=\"width: 508px; vertical-align: middle; border-color: #999999;\">Zone umide d\u2019acqua dolce<\/td>\n<\/tr>\n<tr>\n<td class=\"auto-style1\" style=\"width: 114px; vertical-align: middle; border-color: #999999;\">Cartografia<\/td>\n<td class=\"auto-style1\" style=\"width: 508px; vertical-align: middle; border-color: #999999;\">CTR 1:25.000: 222 NE; 222 NO; 204 SO; 204 SE<\/td>\n<\/tr>\n<tr>\n<td class=\"auto-style1\" style=\"width: 114px; vertical-align: middle; border-color: #999999;\">Estensione<\/td>\n<td class=\"auto-style1\" style=\"width: 508px; vertical-align: middle; border-color: #999999;\">261 ha<\/td>\n<\/tr>\n<tr>\n<td class=\"auto-style1\" style=\"width: 114px; vertical-align: middle; border-color: #999999;\">Perimetro<\/td>\n<td class=\"auto-style1\" style=\"width: 508px; vertical-align: middle; border-color: #999999;\">c\/a&nbsp; 8 km<\/td>\n<\/tr>\n<tr>\n<td class=\"auto-style1\" style=\"width: 114px; vertical-align: middle; border-color: #999999;\">Comune<\/td>\n<td class=\"auto-style1\" style=\"width: 508px; vertical-align: middle; border-color: #999999;\">Argenta<\/td>\n<\/tr>\n<tr>\n<td class=\"auto-style1\" style=\"width: 114px; vertical-align: middle; border-color: #999999;\">Propriet\u00e0<\/td>\n<td class=\"auto-style1\" style=\"width: 508px; vertical-align: middle; border-color: #999999;\">Consorzio Bonifica Renana<\/td>\n<\/tr>\n<tr>\n<td class=\"auto-style1\" style=\"width: 114px; vertical-align: middle; border-color: #999999;\">Gestione<\/td>\n<td class=\"auto-style1\" style=\"width: 508px; vertical-align: middle; border-color: #999999;\">Consorzio Bonifica Renana convenzione con il Comune di Argenta e il Parco del Delta<\/td>\n<\/tr>\n<\/tbody>\n<\/table>\n<p style=\"text-align: justify;\">&nbsp;<\/p>\n\n\n<iframe src=\"https:\/\/www.google.com\/maps\/embed?pb=!1m18!1m12!1m3!1d2842.5485201223682!2d11.811890115744886!3d44.56534440098653!2m3!1f0!2f0!3f0!3m2!1i1024!2i768!4f13.1!3m3!1m2!1s0x0%3A0x0!2zNDTCsDMzJzU1LjIiTiAxMcKwNDgnNTAuNyJF!5e0!3m2!1sit!2sit!4v1631020156806!5m2!1sit!2sit\" style=\"border:0;\" allowfullscreen=\"\" loading=\"lazy\" width=\"600\" height=\"450\"><\/iframe>\n\n\n\n<p><strong>Vincoli<\/strong><\/p>\n\n\n\n<p>Vincolo idraulico come Cassa di Espansione ai sensi del R.D. 3267\/\u201923.<\/p>\n\n\n\n<p>Vincolo paesistico ai sensi della L. 1497\/1939 e vincolo Ambientale ai sensi della L. 431\/85, sottoposto attualmente a vincolo dal D.L. 490\/1999.<\/p>\n\n\n\n<p>Oasi Faunistica denominata Valli di Argenta e Marmorta ai sensi della Del C.P. 269\/9330 del 18\/07\/1977.<\/p>\n\n\n\n<p>Zona Ramsar denominata \u201cValle Santa\u201d (261 ha) istituita con DM 09\/05\/1977, pubblicato sulla GU n. 216 del 09\/08\/1977.<\/p>\n\n\n\n<p>Valle Santa \u00e8 inserita all\u2019interno della Stazione \u201cCampotto d\u2019Argenta\u201d del Parco del Delta del Po ai sensi della L.R. 27\/1988 e nell&#8217;ambito della perimetrazione di cui al Piano Territoriale di Stazione Del C.C. 132\/17096 del 28\/08\/1991 (Zona B e Zona C le recenti rinaturalizzazioni ad ovest).<\/p>\n\n\n\n<p>ZPS (IT4060014) ai sensi della DIR 79\/409\/CEE (1713 ha) e SIC (IT4060001) ai sensi della DIR 92\/43\/CEE (1922 ha).<\/p>\n\n\n\n<p>SIC (IT4060001) denominato \u201cValle Santa, Valle Campotto\u201d ai sensi della DIR 92\/43\/CEE (1922 ha), che a sua volta include una ZPS (IT4060014) denominata \u201cValle Santa e Valle Campotto\u201d (1713 ha) ai sensi della DIR 79\/409 CEE.<\/p>\n\n\n\n<p class=\"has-text-align-center has-large-font-size\"><strong>REGOLAMENTO VALLE SANTA<\/strong><\/p>\n\n\n\n<p><\/p>\n\n\n\n<p>Dietro convenzione con la Bonifica Renana ed il Comune di Argenta, la gestione della pesca sportiva all&#8217;interno dell&#8217;oasi \u00e8 stata affidata dalla F.I.P.S.A.S. (Sezione Provinciale di Bologna) alla A.S.D. Vallesanta.<\/p>\n\n\n\n<p>L&#8217;esercizio della pesca sportiva \u00e8 consentito esclusivamente agli associati in possesso della tessera F.I.P.S.A.S. in corso di validit\u00e0.<\/p>\n\n\n\n<p>La pesca \u00e8 consentita nei seguenti orari:<\/p>\n\n\n\n<ul><li>dall&#8217;apertura al 30 settembre nelle giornate di gioved\u00ec, sabato, domenica e festivi dalle h. 06:00 alle h. 18:00<\/li><li>dal 1 ottobre fino alla chiusura, nei giorni di giovedi, sabato, domenica e festivi, dalle h. 7:00 alle h. 17:00<\/li><\/ul>\n\n\n\n<p>Nei mesi di luglio ed agosto \u00e9 possibile pescare solo nelle giornate di sabato, domenica e festivi dalle h. 6:00 alle h. 18:00<\/p>\n\n\n\n<p>Per info: Capanno di ValleSanta &#8211; via ValleSanta, 1 &#8211; Campotto (Fe)<\/p>\n\n\n\n<p>CenterPesca &#8211; Argenta (Fe) &#8211; tel. 0532.800781 (orari negozio)<\/p>\n\n\n\n<h4>Quote associative:<\/h4>\n\n\n\n<figure class=\"wp-block-table\"><table><tbody><tr><td>Tessera F.I.P.S.A.S. obbligatoria per tutti i pescatori &#8211; valevole 365 giorni dalla data del rilascio<\/td><td>\u20ac&nbsp; 30,00<\/td><\/tr><tr><td>Tessera Ragazzi fino a 14 anni &#8211; valevole 365 giorni dalla data del rilascio<\/td><td>\u20ac&nbsp; 6,00<\/td><\/tr><tr><td>Quota sociale ASD Vallesanta<\/td><td>\u20ac\u00a0 50,00<\/td><\/tr><\/tbody><\/table><\/figure>\n\n\n\n<p>Alle nuove tessere FIPSAS o ai rinnovi rilasciati dalla ASD Vallesanta verr\u00e0 concesso il primo ingresso omaggio.<\/p>\n\n\n\n<h4>Quote ingresso:<\/h4>\n\n\n\n<figure class=\"wp-block-table\"><table><tbody><tr><td>Abbonamento annuale<\/td><td>\u20ac\u00a0 40,00<\/td><\/tr><tr><td>Ingresso pesca tesserati FIPSAS NON soci ASD Vallesanta<\/td><td>\u20ac\u00a0 20,00<\/td><\/tr><tr><td>Ingresso pesca tesserati FIPSAS e soci ASD Vallesanta (una giornata di pesca)<\/td><td>\u20ac&nbsp; 10,00<\/td><\/tr><tr><td>Ingresso Notturna (solo tesserati FIPSAS e Soci ASD Vallesanta)<\/td><td>\u20ac&nbsp; 10,00<\/td><\/tr><tr><td>Disabili adulti e Ragazzi fino a 17 anni<\/td><td>\u20ac\u00a0 5,00<\/td><\/tr><tr><td>La pesca nel campo gara \u00e9 disponibile solo per gli abbonati annuali<\/td><td>&nbsp;<\/td><\/tr><\/tbody><\/table><\/figure>\n\n\n\n<h4>Attivit\u00e0 agonistica<\/h4>\n\n\n\n<p>Le societ\u00e0 affiliate FIPSAS avranno la possibilit\u00e0 di poter organizzare gare di pesca di vario genere, previa richiesta da effettuare mediante apposito programma disponibile sul portale F.I.P.S.A.S &#8211; Bologna (www.fipsasbologna.it), che provveder\u00e0 al rilascio dell&#8217;autorizzazione.<\/p>\n\n\n\n<figure class=\"wp-block-table\"><table><tbody><tr><td>Pesca al colpo<\/td><td>\u20ac&nbsp;&nbsp; 3,50<\/td><td>a concorrente<\/td><\/tr><tr><td>Carp Fishing &#8211; (minimo 8 concorrenti e previa specifica prenotazione mediante apposito programma dal portale www.fipsasbologna.it<\/td><td>\u20ac&nbsp;&nbsp; 5,00<\/td><td>a concorrente\/notte<\/td><\/tr><\/tbody><\/table><\/figure>\n\n\n\n<h4>Regolamento<\/h4>\n\n\n\n<p>La pesca \u00e8 consentita solo ai tesserati FIPSAS e si pu\u00f2 esercitare con massimo n. 3 canne, armate con non pi\u00f9 di due ami ciascuna.<\/p>\n\n\n\n<p>I minorenni dovranno essere accompagnati da un adulto.<\/p>\n\n\n\n<p>Il pescatore potr\u00e0 trattenere:<\/p>\n\n\n\n<p>Specie autoctone: (vedi Regolamento Regionale E. Romagna) max 4 kg;<\/p>\n\n\n\n<p>Pesce gatto: n. 30 pezzi;<\/p>\n\n\n\n<p>Lucioperca: n. 5 pezzi;<\/p>\n\n\n\n<p>Specie alloctone: nessun limite<\/p>\n\n\n\n<p>Vietata la detenzione del Luccio e della Tinca, che vanno rilasciati immediatamente, e delle Carpe superiori ai 5 kg.<\/p>\n\n\n\n<p>La postazione di pesca va assolutamente lasciata pulita e i rifiuti vanno raccolti e portati al di fuori del perimetro della ValleSanta e depositati negli appositi contenitori collocati all&#8217;ingresso.<\/p>\n\n\n\n<p><strong>E&#8217; severamente vietato:<\/strong><\/p>\n\n\n\n<ul><li>accendere fuochi<\/li><li>pescare a strappo<\/li><li>entrare in acqua<\/li><li>disturbare o catturare uccelli o altra fauna presente in ValleSanta<\/li><li>introdurre armi di qualsiasi tipo e reti che non siano nasse contieni pesci e guadino<\/li><li>sostare in zone di intralcio alla viabilit\u00e0<\/li><\/ul>\n\n\n\n<p>Il pescatore ha l&#8217;obbligo di sottoporsi ai controlli che verranno effettuati a cura del personale di vigilanza o dagli incaricati della ASD Vallesanta. Tutti devono mantenere un comportamento leale, corretto ed una condotta sportiva e civile.<\/p>\n\n\n\n<p>La mancata osservanza del presente Regolamento potr\u00e0 essere motivo di allontanamento da parte degli Addetti al Servizio in ValleSanta e, nel caso, di segnalazione all&#8217;Autorit\u00e0 competente.<\/p>\n\n\n\n<p>Per ulteriori informazioni rivolgersi allo 0532\/800781.<\/p>\n\n\n\n<p><small><a href=\"http:\/\/maps.google.it\/maps?hl=it&amp;q=mappa+valle+santa+argenta&amp;ie=UTF8&amp;hq=valle+santa&amp;hnear=Argenta,+Ferrara,+Emilia-Romagna&amp;t=h&amp;ll=44.57335,11.816826&amp;spn=0.036685,0.068321&amp;z=12&amp;iwloc=A&amp;source=embed\">&nbsp;<\/a><\/small><\/p>\n\n\n\n<div class=\"wp-block-image\"><figure class=\"aligncenter\"><a href=\"\/index.php\/gallery\/\"><img loading=\"lazy\" width=\"80\" height=\"80\" src=\"\/wp-content\/uploads\/2013\/07\/Photo_fold.jpg\" alt=\"Photo\" class=\"wp-image-427\" title=\"\"\/><\/a><\/figure><\/div>\n\n\n\n<p><small><strong>per saperne di pi\u00f9<\/strong><br><a href=\"http:\/\/www.vallidiargenta.org\" target=\"_blank\" rel=\"noreferrer noopener\">www.vallidiargenta.org<\/a><br><a href=\"http:\/\/www.comune.argenta.fe.it\/\">www.comune.argenta.fe.it<\/a><\/small><\/p>\n","protected":false},"excerpt":{"rendered":"<p>leggi tutte le news&#8230; &nbsp; VALLE SANTA&nbsp; Le Valli di Campotto (o Valle Santa) sono bacini d\u2019acqua dolce utilizzate come cassa di espansione per il sistema scolante della bassa pianura bolognese afferente al fiume Reno. In questa zona arrivano i fiumi Idice, Quaderna e Sillaro, e i canali Lorgana, Della Botte, Menata e Garda, i [&hellip;]<\/p>\n<div class='heateorSssClear'><\/div><div  class='heateor_sss_sharing_container heateor_sss_horizontal_sharing' data-heateor-sss-href='https:\/\/www.fipsasbologna.it\/index.php\/acque-impianti-2\/valle-santa\/'><div class='heateor_sss_sharing_title' style=\"font-weight:bold\" >Condividi su:<\/div><div class=\"heateor_sss_sharing_ul\"><a style=\"padding:7.35px 0 !important\" class=\"heateor_sss_facebook_share\"><div class=\"fb-share-button\" data-href=\"https:\/\/www.fipsasbologna.it\/index.php\/acque-impianti-2\/valle-santa\/\" data-layout=\"button\"><\/div><\/a><\/div><div class=\"heateorSssClear\"><\/div><\/div><div class='heateorSssClear'><\/div>","protected":false},"author":1,"featured_media":0,"parent":304,"menu_order":0,"comment_status":"closed","ping_status":"closed","template":"","meta":{"ngg_post_thumbnail":0},"yoast_head":"<!-- This site is optimized with the Yoast SEO plugin v17.7.1 - https:\/\/yoast.com\/wordpress\/plugins\/seo\/ -->\r\n<title>ValleSanta - Fipsas Bologna<\/title>\r\n<meta name=\"robots\" content=\"index, follow, max-snippet:-1, max-image-preview:large, max-video-preview:-1\" \/>\r\n<link rel=\"canonical\" href=\"https:\/\/www.fipsasbologna.it\/index.php\/acque-impianti-2\/valle-santa\/\" \/>\r\n<meta property=\"og:locale\" content=\"it_IT\" \/>\r\n<meta property=\"og:type\" content=\"article\" \/>\r\n<meta property=\"og:title\" content=\"ValleSanta - Fipsas Bologna\" \/>\r\n<meta property=\"og:description\" content=\"leggi tutte le news&#8230; &nbsp; VALLE SANTA&nbsp; Le Valli di Campotto (o Valle Santa) sono bacini d\u2019acqua dolce utilizzate come cassa di espansione per il sistema scolante della bassa pianura bolognese afferente al fiume Reno. In questa zona arrivano i fiumi Idice, Quaderna e Sillaro, e i canali Lorgana, Della Botte, Menata e Garda, i [&hellip;]\" \/>\r\n<meta property=\"og:url\" content=\"https:\/\/www.fipsasbologna.it\/index.php\/acque-impianti-2\/valle-santa\/\" \/>\r\n<meta property=\"og:site_name\" content=\"Fipsas Bologna\" \/>\r\n<meta property=\"article:modified_time\" content=\"2025-05-26T16:06:41+00:00\" \/>\r\n<meta property=\"og:image\" content=\"https:\/\/www.fipsasbologna.it\/wp-content\/uploads\/2013\/07\/Photo_fold.jpg\" \/>\r\n<meta name=\"twitter:card\" content=\"summary_large_image\" \/>\r\n<meta name=\"twitter:label1\" content=\"Tempo di lettura stimato\" \/>\n\t<meta name=\"twitter:data1\" content=\"4 minuti\" \/>\r\n<script type=\"application\/ld+json\" class=\"yoast-schema-graph\">{\"@context\":\"https:\/\/schema.org\",\"@graph\":[{\"@type\":\"WebSite\",\"@id\":\"https:\/\/www.fipsasbologna.it\/#website\",\"url\":\"https:\/\/www.fipsasbologna.it\/\",\"name\":\"Fipsas Bologna\",\"description\":\"\",\"potentialAction\":[{\"@type\":\"SearchAction\",\"target\":{\"@type\":\"EntryPoint\",\"urlTemplate\":\"https:\/\/www.fipsasbologna.it\/?s={search_term_string}\"},\"query-input\":\"required name=search_term_string\"}],\"inLanguage\":\"it-IT\"},{\"@type\":\"ImageObject\",\"@id\":\"https:\/\/www.fipsasbologna.it\/index.php\/acque-impianti-2\/valle-santa\/#primaryimage\",\"inLanguage\":\"it-IT\",\"url\":\"\/wp-content\/uploads\/2013\/07\/Photo_fold.jpg\",\"contentUrl\":\"\/wp-content\/uploads\/2013\/07\/Photo_fold.jpg\"},{\"@type\":\"WebPage\",\"@id\":\"https:\/\/www.fipsasbologna.it\/index.php\/acque-impianti-2\/valle-santa\/#webpage\",\"url\":\"https:\/\/www.fipsasbologna.it\/index.php\/acque-impianti-2\/valle-santa\/\",\"name\":\"ValleSanta - Fipsas Bologna\",\"isPartOf\":{\"@id\":\"https:\/\/www.fipsasbologna.it\/#website\"},\"primaryImageOfPage\":{\"@id\":\"https:\/\/www.fipsasbologna.it\/index.php\/acque-impianti-2\/valle-santa\/#primaryimage\"},\"datePublished\":\"2013-06-24T11:14:10+00:00\",\"dateModified\":\"2025-05-26T16:06:41+00:00\",\"breadcrumb\":{\"@id\":\"https:\/\/www.fipsasbologna.it\/index.php\/acque-impianti-2\/valle-santa\/#breadcrumb\"},\"inLanguage\":\"it-IT\",\"potentialAction\":[{\"@type\":\"ReadAction\",\"target\":[\"https:\/\/www.fipsasbologna.it\/index.php\/acque-impianti-2\/valle-santa\/\"]}]},{\"@type\":\"BreadcrumbList\",\"@id\":\"https:\/\/www.fipsasbologna.it\/index.php\/acque-impianti-2\/valle-santa\/#breadcrumb\",\"itemListElement\":[{\"@type\":\"ListItem\",\"position\":1,\"name\":\"Home\",\"item\":\"https:\/\/www.fipsasbologna.it\/\"},{\"@type\":\"ListItem\",\"position\":2,\"name\":\"Acque &#038; Impianti\",\"item\":\"https:\/\/www.fipsasbologna.it\/index.php\/acque-impianti-2\/\"},{\"@type\":\"ListItem\",\"position\":3,\"name\":\"ValleSanta\"}]}]}<\/script>\r\n<!-- \/ Yoast SEO plugin. -->","yoast_head_json":{"title":"ValleSanta - Fipsas Bologna","robots":{"index":"index","follow":"follow","max-snippet":"max-snippet:-1","max-image-preview":"max-image-preview:large","max-video-preview":"max-video-preview:-1"},"canonical":"https:\/\/www.fipsasbologna.it\/index.php\/acque-impianti-2\/valle-santa\/","og_locale":"it_IT","og_type":"article","og_title":"ValleSanta - Fipsas Bologna","og_description":"leggi tutte le news&#8230; &nbsp; VALLE SANTA&nbsp; Le Valli di Campotto (o Valle Santa) sono bacini d\u2019acqua dolce utilizzate come cassa di espansione per il sistema scolante della bassa pianura bolognese afferente al fiume Reno. In questa zona arrivano i fiumi Idice, Quaderna e Sillaro, e i canali Lorgana, Della Botte, Menata e Garda, i [&hellip;]","og_url":"https:\/\/www.fipsasbologna.it\/index.php\/acque-impianti-2\/valle-santa\/","og_site_name":"Fipsas Bologna","article_modified_time":"2025-05-26T16:06:41+00:00","og_image":[{"url":"https:\/\/www.fipsasbologna.it\/wp-content\/uploads\/2013\/07\/Photo_fold.jpg"}],"twitter_card":"summary_large_image","twitter_misc":{"Tempo di lettura stimato":"4 minuti"},"schema":{"@context":"https:\/\/schema.org","@graph":[{"@type":"WebSite","@id":"https:\/\/www.fipsasbologna.it\/#website","url":"https:\/\/www.fipsasbologna.it\/","name":"Fipsas Bologna","description":"","potentialAction":[{"@type":"SearchAction","target":{"@type":"EntryPoint","urlTemplate":"https:\/\/www.fipsasbologna.it\/?s={search_term_string}"},"query-input":"required name=search_term_string"}],"inLanguage":"it-IT"},{"@type":"ImageObject","@id":"https:\/\/www.fipsasbologna.it\/index.php\/acque-impianti-2\/valle-santa\/#primaryimage","inLanguage":"it-IT","url":"\/wp-content\/uploads\/2013\/07\/Photo_fold.jpg","contentUrl":"\/wp-content\/uploads\/2013\/07\/Photo_fold.jpg"},{"@type":"WebPage","@id":"https:\/\/www.fipsasbologna.it\/index.php\/acque-impianti-2\/valle-santa\/#webpage","url":"https:\/\/www.fipsasbologna.it\/index.php\/acque-impianti-2\/valle-santa\/","name":"ValleSanta - Fipsas Bologna","isPartOf":{"@id":"https:\/\/www.fipsasbologna.it\/#website"},"primaryImageOfPage":{"@id":"https:\/\/www.fipsasbologna.it\/index.php\/acque-impianti-2\/valle-santa\/#primaryimage"},"datePublished":"2013-06-24T11:14:10+00:00","dateModified":"2025-05-26T16:06:41+00:00","breadcrumb":{"@id":"https:\/\/www.fipsasbologna.it\/index.php\/acque-impianti-2\/valle-santa\/#breadcrumb"},"inLanguage":"it-IT","potentialAction":[{"@type":"ReadAction","target":["https:\/\/www.fipsasbologna.it\/index.php\/acque-impianti-2\/valle-santa\/"]}]},{"@type":"BreadcrumbList","@id":"https:\/\/www.fipsasbologna.it\/index.php\/acque-impianti-2\/valle-santa\/#breadcrumb","itemListElement":[{"@type":"ListItem","position":1,"name":"Home","item":"https:\/\/www.fipsasbologna.it\/"},{"@type":"ListItem","position":2,"name":"Acque &#038; Impianti","item":"https:\/\/www.fipsasbologna.it\/index.php\/acque-impianti-2\/"},{"@type":"ListItem","position":3,"name":"ValleSanta"}]}]}},"_links":{"self":[{"href":"https:\/\/www.fipsasbologna.it\/index.php\/wp-json\/wp\/v2\/pages\/176"}],"collection":[{"href":"https:\/\/www.fipsasbologna.it\/index.php\/wp-json\/wp\/v2\/pages"}],"about":[{"href":"https:\/\/www.fipsasbologna.it\/index.php\/wp-json\/wp\/v2\/types\/page"}],"author":[{"embeddable":true,"href":"https:\/\/www.fipsasbologna.it\/index.php\/wp-json\/wp\/v2\/users\/1"}],"replies":[{"embeddable":true,"href":"https:\/\/www.fipsasbologna.it\/index.php\/wp-json\/wp\/v2\/comments?post=176"}],"version-history":[{"count":7,"href":"https:\/\/www.fipsasbologna.it\/index.php\/wp-json\/wp\/v2\/pages\/176\/revisions"}],"predecessor-version":[{"id":8931,"href":"https:\/\/www.fipsasbologna.it\/index.php\/wp-json\/wp\/v2\/pages\/176\/revisions\/8931"}],"up":[{"embeddable":true,"href":"https:\/\/www.fipsasbologna.it\/index.php\/wp-json\/wp\/v2\/pages\/304"}],"wp:attachment":[{"href":"https:\/\/www.fipsasbologna.it\/index.php\/wp-json\/wp\/v2\/media?parent=176"}],"curies":[{"name":"wp","href":"https:\/\/api.w.org\/{rel}","templated":true}]}}