{"id":180,"date":"2013-06-24T13:14:56","date_gmt":"2013-06-24T11:14:56","guid":{"rendered":"http:\/\/www.fipsasbologna.it\/?page_id=180"},"modified":"2023-11-27T10:38:46","modified_gmt":"2023-11-27T09:38:46","slug":"incubatoio","status":"publish","type":"page","link":"https:\/\/www.fipsasbologna.it\/index.php\/acque-impianti-2\/incubatoio\/","title":{"rendered":"Incubatoio Panigale"},"content":{"rendered":"<p><!--StyleSheet Link--><\/p>\n<p style=\"text-align: justify;\">Lo stabilimento Ittiogenetico di Panigale \u00e8 un incubatoio di valle alimentato dalle acque del torrente Silla.<\/p>\n<p style=\"text-align: justify;\">Per conservare la rusticit\u00e0 e l&#8217;adattabilit\u00e0 del materiale prodotto l&#8217;impianto utilizza l&#8217;acqua derivata dal torrente senza praticare alcun trattamento chimico-fisico e non impiega prodotti medicali.<\/p>\n<p style=\"text-align: justify;\">L&#8217;obiettivo \u00e8 quello di produrre animali con elevate probabilit\u00e0 di acclimatazione ed un buon grado di autoctonia.<\/p>\n<p style=\"text-align: justify;\">L&#8217;incubatoio di valle utilizza riproduttori di ceppo mediteranno e al suo interno sono adottate pratiche gestionali tese a garantire la massima rusticit\u00e0 del materiale allevato.<\/p>\n<p style=\"text-align: justify;\">Lo stabilimento produce esemplari a diverso stadio di sviluppo: uova avannotti e trotelle, destinato al ripopolamento dei corsi d&#8217;acqua provinciali.<\/p>\n<p style=\"text-align: justify;\">Attualmente i ripopolamenti vengono effettuati prioritariamente in tempi e luoghi differenziali a seconda che si utilizzino uova avannotti o trotelle.<\/p>\n<p style=\"text-align: justify;\"><a title=\"\" href=\"\/wp-content\/uploads\/2013\/07\/s_7.jpg\" target=\"\" rel=\"noopener\"><img loading=\"lazy\" class=\"size-medium wp-image-488 aligncenter\" title=\"\" src=\"\/wp-content\/uploads\/2013\/07\/s_7-300x225.jpg\" alt=\"s_7\" width=\"300\" height=\"225\" srcset=\"https:\/\/www.fipsasbologna.it\/wp-content\/uploads\/2013\/07\/s_7-300x225.jpg 300w, https:\/\/www.fipsasbologna.it\/wp-content\/uploads\/2013\/07\/s_7.jpg 400w\" sizes=\"(max-width: 300px) 100vw, 300px\" \/><\/a><\/p>\n<p style=\"text-align: justify;\">Nel 2009, a conclusione di un lungo periodo di controlli e analisi, lo stabilimento di Panigale e tutto l&#8217;alto Bacino del torrente Silla hanno acquisito il riconoscimento comunitario di zona e impianto indenni da setticemia emorragica virale (V.H.S.) e da necrosi ematopoietica infettiva (I.H.N.).<\/p>\n<p style=\"text-align: justify;\">Assolta la procedura formale di certi\u00adficazione, l&#8217;impianto ha ripreso una regolare funzionalit\u00e0, puntando verso nuovi ambi\u00adziosi obiettivi come il miglioramento genetico del mate\u00adriale prodotto<\/p>\n<div id=\"attachment_427\" style=\"width: 90px\" class=\"wp-caption aligncenter\"><img aria-describedby=\"caption-attachment-427\" loading=\"lazy\" class=\"size-full wp-image-427  wp-caption aligncenter\" title=\"Gallery\" src=\"\/wp-content\/uploads\/2013\/07\/Photo_fold.jpg\" alt=\"Photo_fold\" width=\"80\" height=\"80\"><p id=\"caption-attachment-427\" class=\"wp-caption-text\">Gallery<\/p><\/div>\n","protected":false},"excerpt":{"rendered":"<p>Lo stabilimento Ittiogenetico di Panigale \u00e8 un incubatoio di valle alimentato dalle acque del torrente Silla. Per conservare la rusticit\u00e0 e l&#8217;adattabilit\u00e0 del materiale prodotto l&#8217;impianto utilizza l&#8217;acqua derivata dal torrente senza praticare alcun trattamento chimico-fisico e non impiega prodotti medicali. L&#8217;obiettivo \u00e8 quello di produrre animali con elevate probabilit\u00e0 di acclimatazione ed un buon [&hellip;]<\/p>\n<div class='heateorSssClear'><\/div><div  class='heateor_sss_sharing_container heateor_sss_horizontal_sharing' data-heateor-sss-href='https:\/\/www.fipsasbologna.it\/index.php\/acque-impianti-2\/incubatoio\/'><div class='heateor_sss_sharing_title' style=\"font-weight:bold\" >Condividi su:<\/div><div class=\"heateor_sss_sharing_ul\"><a style=\"padding:7.35px 0 !important\" class=\"heateor_sss_facebook_share\"><div class=\"fb-share-button\" data-href=\"https:\/\/www.fipsasbologna.it\/index.php\/acque-impianti-2\/incubatoio\/\" data-layout=\"button\"><\/div><\/a><\/div><div class=\"heateorSssClear\"><\/div><\/div><div class='heateorSssClear'><\/div>","protected":false},"author":1,"featured_media":0,"parent":304,"menu_order":0,"comment_status":"closed","ping_status":"closed","template":"","meta":{"ngg_post_thumbnail":0},"yoast_head":"<!-- This site is optimized with the Yoast SEO plugin v17.7.1 - https:\/\/yoast.com\/wordpress\/plugins\/seo\/ -->\r\n<title>Incubatoio Panigale - Fipsas Bologna<\/title>\r\n<meta name=\"robots\" content=\"index, follow, max-snippet:-1, max-image-preview:large, max-video-preview:-1\" \/>\r\n<link rel=\"canonical\" href=\"https:\/\/www.fipsasbologna.it\/index.php\/acque-impianti-2\/incubatoio\/\" \/>\r\n<meta property=\"og:locale\" content=\"it_IT\" \/>\r\n<meta property=\"og:type\" content=\"article\" \/>\r\n<meta property=\"og:title\" content=\"Incubatoio Panigale - Fipsas Bologna\" \/>\r\n<meta property=\"og:description\" content=\"Lo stabilimento Ittiogenetico di Panigale \u00e8 un incubatoio di valle alimentato dalle acque del torrente Silla. Per conservare la rusticit\u00e0 e l&#8217;adattabilit\u00e0 del materiale prodotto l&#8217;impianto utilizza l&#8217;acqua derivata dal torrente senza praticare alcun trattamento chimico-fisico e non impiega prodotti medicali. L&#8217;obiettivo \u00e8 quello di produrre animali con elevate probabilit\u00e0 di acclimatazione ed un buon [&hellip;]\" \/>\r\n<meta property=\"og:url\" content=\"https:\/\/www.fipsasbologna.it\/index.php\/acque-impianti-2\/incubatoio\/\" \/>\r\n<meta property=\"og:site_name\" content=\"Fipsas Bologna\" \/>\r\n<meta property=\"article:modified_time\" content=\"2023-11-27T09:38:46+00:00\" \/>\r\n<meta property=\"og:image\" content=\"https:\/\/www.fipsasbologna.it\/wp-content\/uploads\/2013\/07\/s_7-300x225.jpg\" \/>\r\n<meta name=\"twitter:card\" content=\"summary_large_image\" \/>\r\n<meta name=\"twitter:label1\" content=\"Tempo di lettura stimato\" \/>\n\t<meta name=\"twitter:data1\" content=\"2 minuti\" \/>\r\n<script type=\"application\/ld+json\" class=\"yoast-schema-graph\">{\"@context\":\"https:\/\/schema.org\",\"@graph\":[{\"@type\":\"WebSite\",\"@id\":\"https:\/\/www.fipsasbologna.it\/#website\",\"url\":\"https:\/\/www.fipsasbologna.it\/\",\"name\":\"Fipsas Bologna\",\"description\":\"\",\"potentialAction\":[{\"@type\":\"SearchAction\",\"target\":{\"@type\":\"EntryPoint\",\"urlTemplate\":\"https:\/\/www.fipsasbologna.it\/?s={search_term_string}\"},\"query-input\":\"required name=search_term_string\"}],\"inLanguage\":\"it-IT\"},{\"@type\":\"ImageObject\",\"@id\":\"https:\/\/www.fipsasbologna.it\/index.php\/acque-impianti-2\/incubatoio\/#primaryimage\",\"inLanguage\":\"it-IT\",\"url\":\"\/wp-content\/uploads\/2013\/07\/s_7-300x225.jpg\",\"contentUrl\":\"\/wp-content\/uploads\/2013\/07\/s_7-300x225.jpg\"},{\"@type\":\"WebPage\",\"@id\":\"https:\/\/www.fipsasbologna.it\/index.php\/acque-impianti-2\/incubatoio\/#webpage\",\"url\":\"https:\/\/www.fipsasbologna.it\/index.php\/acque-impianti-2\/incubatoio\/\",\"name\":\"Incubatoio Panigale - Fipsas Bologna\",\"isPartOf\":{\"@id\":\"https:\/\/www.fipsasbologna.it\/#website\"},\"primaryImageOfPage\":{\"@id\":\"https:\/\/www.fipsasbologna.it\/index.php\/acque-impianti-2\/incubatoio\/#primaryimage\"},\"datePublished\":\"2013-06-24T11:14:56+00:00\",\"dateModified\":\"2023-11-27T09:38:46+00:00\",\"breadcrumb\":{\"@id\":\"https:\/\/www.fipsasbologna.it\/index.php\/acque-impianti-2\/incubatoio\/#breadcrumb\"},\"inLanguage\":\"it-IT\",\"potentialAction\":[{\"@type\":\"ReadAction\",\"target\":[\"https:\/\/www.fipsasbologna.it\/index.php\/acque-impianti-2\/incubatoio\/\"]}]},{\"@type\":\"BreadcrumbList\",\"@id\":\"https:\/\/www.fipsasbologna.it\/index.php\/acque-impianti-2\/incubatoio\/#breadcrumb\",\"itemListElement\":[{\"@type\":\"ListItem\",\"position\":1,\"name\":\"Home\",\"item\":\"https:\/\/www.fipsasbologna.it\/\"},{\"@type\":\"ListItem\",\"position\":2,\"name\":\"Acque &#038; Impianti\",\"item\":\"https:\/\/www.fipsasbologna.it\/index.php\/acque-impianti-2\/\"},{\"@type\":\"ListItem\",\"position\":3,\"name\":\"Incubatoio Panigale\"}]}]}<\/script>\r\n<!-- \/ Yoast SEO plugin. -->","yoast_head_json":{"title":"Incubatoio Panigale - Fipsas Bologna","robots":{"index":"index","follow":"follow","max-snippet":"max-snippet:-1","max-image-preview":"max-image-preview:large","max-video-preview":"max-video-preview:-1"},"canonical":"https:\/\/www.fipsasbologna.it\/index.php\/acque-impianti-2\/incubatoio\/","og_locale":"it_IT","og_type":"article","og_title":"Incubatoio Panigale - Fipsas Bologna","og_description":"Lo stabilimento Ittiogenetico di Panigale \u00e8 un incubatoio di valle alimentato dalle acque del torrente Silla. Per conservare la rusticit\u00e0 e l&#8217;adattabilit\u00e0 del materiale prodotto l&#8217;impianto utilizza l&#8217;acqua derivata dal torrente senza praticare alcun trattamento chimico-fisico e non impiega prodotti medicali. L&#8217;obiettivo \u00e8 quello di produrre animali con elevate probabilit\u00e0 di acclimatazione ed un buon [&hellip;]","og_url":"https:\/\/www.fipsasbologna.it\/index.php\/acque-impianti-2\/incubatoio\/","og_site_name":"Fipsas Bologna","article_modified_time":"2023-11-27T09:38:46+00:00","og_image":[{"url":"https:\/\/www.fipsasbologna.it\/wp-content\/uploads\/2013\/07\/s_7-300x225.jpg"}],"twitter_card":"summary_large_image","twitter_misc":{"Tempo di lettura stimato":"2 minuti"},"schema":{"@context":"https:\/\/schema.org","@graph":[{"@type":"WebSite","@id":"https:\/\/www.fipsasbologna.it\/#website","url":"https:\/\/www.fipsasbologna.it\/","name":"Fipsas Bologna","description":"","potentialAction":[{"@type":"SearchAction","target":{"@type":"EntryPoint","urlTemplate":"https:\/\/www.fipsasbologna.it\/?s={search_term_string}"},"query-input":"required name=search_term_string"}],"inLanguage":"it-IT"},{"@type":"ImageObject","@id":"https:\/\/www.fipsasbologna.it\/index.php\/acque-impianti-2\/incubatoio\/#primaryimage","inLanguage":"it-IT","url":"\/wp-content\/uploads\/2013\/07\/s_7-300x225.jpg","contentUrl":"\/wp-content\/uploads\/2013\/07\/s_7-300x225.jpg"},{"@type":"WebPage","@id":"https:\/\/www.fipsasbologna.it\/index.php\/acque-impianti-2\/incubatoio\/#webpage","url":"https:\/\/www.fipsasbologna.it\/index.php\/acque-impianti-2\/incubatoio\/","name":"Incubatoio Panigale - Fipsas Bologna","isPartOf":{"@id":"https:\/\/www.fipsasbologna.it\/#website"},"primaryImageOfPage":{"@id":"https:\/\/www.fipsasbologna.it\/index.php\/acque-impianti-2\/incubatoio\/#primaryimage"},"datePublished":"2013-06-24T11:14:56+00:00","dateModified":"2023-11-27T09:38:46+00:00","breadcrumb":{"@id":"https:\/\/www.fipsasbologna.it\/index.php\/acque-impianti-2\/incubatoio\/#breadcrumb"},"inLanguage":"it-IT","potentialAction":[{"@type":"ReadAction","target":["https:\/\/www.fipsasbologna.it\/index.php\/acque-impianti-2\/incubatoio\/"]}]},{"@type":"BreadcrumbList","@id":"https:\/\/www.fipsasbologna.it\/index.php\/acque-impianti-2\/incubatoio\/#breadcrumb","itemListElement":[{"@type":"ListItem","position":1,"name":"Home","item":"https:\/\/www.fipsasbologna.it\/"},{"@type":"ListItem","position":2,"name":"Acque &#038; Impianti","item":"https:\/\/www.fipsasbologna.it\/index.php\/acque-impianti-2\/"},{"@type":"ListItem","position":3,"name":"Incubatoio Panigale"}]}]}},"_links":{"self":[{"href":"https:\/\/www.fipsasbologna.it\/index.php\/wp-json\/wp\/v2\/pages\/180"}],"collection":[{"href":"https:\/\/www.fipsasbologna.it\/index.php\/wp-json\/wp\/v2\/pages"}],"about":[{"href":"https:\/\/www.fipsasbologna.it\/index.php\/wp-json\/wp\/v2\/types\/page"}],"author":[{"embeddable":true,"href":"https:\/\/www.fipsasbologna.it\/index.php\/wp-json\/wp\/v2\/users\/1"}],"replies":[{"embeddable":true,"href":"https:\/\/www.fipsasbologna.it\/index.php\/wp-json\/wp\/v2\/comments?post=180"}],"version-history":[{"count":2,"href":"https:\/\/www.fipsasbologna.it\/index.php\/wp-json\/wp\/v2\/pages\/180\/revisions"}],"predecessor-version":[{"id":7931,"href":"https:\/\/www.fipsasbologna.it\/index.php\/wp-json\/wp\/v2\/pages\/180\/revisions\/7931"}],"up":[{"embeddable":true,"href":"https:\/\/www.fipsasbologna.it\/index.php\/wp-json\/wp\/v2\/pages\/304"}],"wp:attachment":[{"href":"https:\/\/www.fipsasbologna.it\/index.php\/wp-json\/wp\/v2\/media?parent=180"}],"curies":[{"name":"wp","href":"https:\/\/api.w.org\/{rel}","templated":true}]}}