{"id":63,"date":"2013-06-16T14:29:05","date_gmt":"2013-06-16T12:29:05","guid":{"rendered":"http:\/\/www.fipsasbologna.it\/?page_id=63"},"modified":"2021-09-07T14:56:26","modified_gmt":"2021-09-07T12:56:26","slug":"dove-siamo","status":"publish","type":"page","link":"https:\/\/www.fipsasbologna.it\/index.php\/la-sezione\/dove-siamo\/","title":{"rendered":"Dove siamo"},"content":{"rendered":"\n<div class=\"wp-block-columns\">\n<div class=\"wp-block-column\">\n<p>Sezione Provinciale Bologna<br>via Trattati comunitari Europei n. 7 &#8211; 40127 &#8211; Bologna<br>Tel e fax: 051 514815 &#8211; mail: bologna@fipsas.it<\/p>\n<\/div>\n<\/div>\n\n\n\n<div class=\"wp-block-columns\">\n<div class=\"wp-block-column\">\n<div class=\"wp-block-columns\">\n<div class=\"wp-block-column\">\n<figure class=\"wp-block-image size-large\"><img loading=\"lazy\" width=\"1024\" height=\"544\" src=\"https:\/\/www.fipsasbologna.it\/wp-content\/uploads\/2021\/09\/Coni2-1024x544.jpg\" alt=\"\" class=\"wp-image-5608\" srcset=\"https:\/\/www.fipsasbologna.it\/wp-content\/uploads\/2021\/09\/Coni2-1024x544.jpg 1024w, https:\/\/www.fipsasbologna.it\/wp-content\/uploads\/2021\/09\/Coni2-300x159.jpg 300w, https:\/\/www.fipsasbologna.it\/wp-content\/uploads\/2021\/09\/Coni2-768x408.jpg 768w, https:\/\/www.fipsasbologna.it\/wp-content\/uploads\/2021\/09\/Coni2.jpg 1059w\" sizes=\"(max-width: 1024px) 100vw, 1024px\" \/><\/figure>\n\n\n\n<p><\/p>\n<\/div>\n\n\n\n<div class=\"wp-block-column\">\n<figure class=\"wp-block-image size-full\"><img loading=\"lazy\" width=\"460\" height=\"306\" src=\"https:\/\/www.fipsasbologna.it\/wp-content\/uploads\/2021\/09\/coni.jpg\" alt=\"\" class=\"wp-image-5604\" srcset=\"https:\/\/www.fipsasbologna.it\/wp-content\/uploads\/2021\/09\/coni.jpg 460w, https:\/\/www.fipsasbologna.it\/wp-content\/uploads\/2021\/09\/coni-300x200.jpg 300w\" sizes=\"(max-width: 460px) 100vw, 460px\" \/><\/figure>\n\n\n\n<p><\/p>\n<\/div>\n<\/div>\n\n\n\n<iframe src=\"https:\/\/www.google.com\/maps\/embed?pb=!1m18!1m12!1m3!1d1574.3567708821624!2d11.40267303171368!3d44.5160673877776!2m3!1f0!2f0!3f0!3m2!1i1024!2i768!4f13.1!3m3!1m2!1s0x477e2c96ebcb3ca1%3A0xe925bff5b69e2035!2sVia%20Trattati%20Comunitari%20Europei%2C%207%2C%2040127%20Bologna%20BO!5e1!3m2!1sit!2sit!4v1631018785719!5m2!1sit!2sit\" width=\"600\" height=\"450\" style=\"border:0;\" allowfullscreen=\"\" loading=\"lazy\"><\/iframe>\n<\/div>\n<\/div>\n\n\n<h6>&nbsp;<\/h6>\n<h6>ORARI APERTURA AL PUBBLICO<\/h6>\n<p>&nbsp;<\/p>\n<table style=\"width: 500px;\" border=\"0\" cellspacing=\"1\" cellpadding=\"1\">\n<tbody>\n<tr>\n<td>Luned\u00ec<\/td>\n<td>dalle 9,00<\/td>\n<td>alle 13,00<\/td>\n<td>per campi gara e campionati<\/td>\n<\/tr>\n<tr>\n<td>Marted\u00ec<\/td>\n<td>dalle 9,00<\/td>\n<td>alle 13,00<\/td>\n<td>&nbsp;<\/td>\n<\/tr>\n<tr>\n<td>Mercoled\u00ec<\/td>\n<td>chiuso<\/td>\n<td>&nbsp;<\/td>\n<td>&nbsp;<\/td>\n<\/tr>\n<tr>\n<td>Gioved&#8217;<\/td>\n<td>dalle 13,00<\/td>\n<td>alle 16,00<\/td>\n<td>&nbsp;<\/td>\n<\/tr>\n<tr>\n<td>Venerd\u00ec<\/td>\n<td>chiuso<\/td>\n<td>&nbsp;<\/td>\n<td>&nbsp;<\/td>\n<\/tr>\n<\/tbody>\n<\/table>\n<p><span style=\"color: #800000;\">Per appuntamenti in orari diversi, contattare il n. 3497587237 (orario ufficio)<\/span><\/p>\n<p><span style=\"color: #800000;\">Gestioni Campi Gara:&nbsp; Sig. Bortolotti&nbsp; &#8211;&nbsp; 3488441803<\/span><\/p>","protected":false},"excerpt":{"rendered":"<p>Sezione Provinciale Bolognavia Trattati comunitari Europei n. 7 &#8211; 40127 &#8211; BolognaTel e fax: 051 514815 &#8211; mail: bologna@fipsas.it &nbsp; ORARI APERTURA AL PUBBLICO &nbsp; Luned\u00ec dalle 9,00 alle 13,00 per campi gara e campionati Marted\u00ec dalle 9,00 alle 13,00 &nbsp; Mercoled\u00ec chiuso &nbsp; &nbsp; Gioved&#8217; dalle 13,00 alle 16,00 &nbsp; Venerd\u00ec chiuso &nbsp; &nbsp; [&hellip;]<\/p>\n<div class='heateorSssClear'><\/div><div  class='heateor_sss_sharing_container heateor_sss_horizontal_sharing' data-heateor-sss-href='https:\/\/www.fipsasbologna.it\/index.php\/la-sezione\/dove-siamo\/'><div class='heateor_sss_sharing_title' style=\"font-weight:bold\" >Condividi su:<\/div><div class=\"heateor_sss_sharing_ul\"><a style=\"padding:7.35px 0 !important\" class=\"heateor_sss_facebook_share\"><div class=\"fb-share-button\" data-href=\"https:\/\/www.fipsasbologna.it\/index.php\/la-sezione\/dove-siamo\/\" data-layout=\"button\"><\/div><\/a><\/div><div class=\"heateorSssClear\"><\/div><\/div><div class='heateorSssClear'><\/div>","protected":false},"author":1,"featured_media":0,"parent":16,"menu_order":0,"comment_status":"closed","ping_status":"closed","template":"","meta":{"ngg_post_thumbnail":0},"yoast_head":"<!-- This site is optimized with the Yoast SEO plugin v17.7.1 - https:\/\/yoast.com\/wordpress\/plugins\/seo\/ -->\r\n<title>Dove siamo - Fipsas Bologna<\/title>\r\n<meta name=\"robots\" content=\"index, follow, max-snippet:-1, max-image-preview:large, max-video-preview:-1\" \/>\r\n<link rel=\"canonical\" href=\"https:\/\/www.fipsasbologna.it\/index.php\/la-sezione\/dove-siamo\/\" \/>\r\n<meta property=\"og:locale\" content=\"it_IT\" \/>\r\n<meta property=\"og:type\" content=\"article\" \/>\r\n<meta property=\"og:title\" content=\"Dove siamo - Fipsas Bologna\" \/>\r\n<meta property=\"og:description\" content=\"Sezione Provinciale Bolognavia Trattati comunitari Europei n. 7 &#8211; 40127 &#8211; BolognaTel e fax: 051 514815 &#8211; mail: bologna@fipsas.it &nbsp; ORARI APERTURA AL PUBBLICO &nbsp; Luned\u00ec dalle 9,00 alle 13,00 per campi gara e campionati Marted\u00ec dalle 9,00 alle 13,00 &nbsp; Mercoled\u00ec chiuso &nbsp; &nbsp; Gioved&#8217; dalle 13,00 alle 16,00 &nbsp; Venerd\u00ec chiuso &nbsp; &nbsp; [&hellip;]\" \/>\r\n<meta property=\"og:url\" content=\"https:\/\/www.fipsasbologna.it\/index.php\/la-sezione\/dove-siamo\/\" \/>\r\n<meta property=\"og:site_name\" content=\"Fipsas Bologna\" \/>\r\n<meta property=\"article:modified_time\" content=\"2021-09-07T12:56:26+00:00\" \/>\r\n<meta property=\"og:image\" content=\"https:\/\/www.fipsasbologna.it\/wp-content\/uploads\/2021\/09\/Coni2-1024x544.jpg\" \/>\r\n<meta name=\"twitter:card\" content=\"summary_large_image\" \/>\r\n<meta name=\"twitter:label1\" content=\"Tempo di lettura stimato\" \/>\n\t<meta name=\"twitter:data1\" content=\"1 minuto\" \/>\r\n<script type=\"application\/ld+json\" class=\"yoast-schema-graph\">{\"@context\":\"https:\/\/schema.org\",\"@graph\":[{\"@type\":\"WebSite\",\"@id\":\"https:\/\/www.fipsasbologna.it\/#website\",\"url\":\"https:\/\/www.fipsasbologna.it\/\",\"name\":\"Fipsas Bologna\",\"description\":\"\",\"potentialAction\":[{\"@type\":\"SearchAction\",\"target\":{\"@type\":\"EntryPoint\",\"urlTemplate\":\"https:\/\/www.fipsasbologna.it\/?s={search_term_string}\"},\"query-input\":\"required name=search_term_string\"}],\"inLanguage\":\"it-IT\"},{\"@type\":\"ImageObject\",\"@id\":\"https:\/\/www.fipsasbologna.it\/index.php\/la-sezione\/dove-siamo\/#primaryimage\",\"inLanguage\":\"it-IT\",\"url\":\"https:\/\/www.fipsasbologna.it\/wp-content\/uploads\/2021\/09\/Coni2.jpg\",\"contentUrl\":\"https:\/\/www.fipsasbologna.it\/wp-content\/uploads\/2021\/09\/Coni2.jpg\",\"width\":1059,\"height\":563},{\"@type\":\"WebPage\",\"@id\":\"https:\/\/www.fipsasbologna.it\/index.php\/la-sezione\/dove-siamo\/#webpage\",\"url\":\"https:\/\/www.fipsasbologna.it\/index.php\/la-sezione\/dove-siamo\/\",\"name\":\"Dove siamo - Fipsas Bologna\",\"isPartOf\":{\"@id\":\"https:\/\/www.fipsasbologna.it\/#website\"},\"primaryImageOfPage\":{\"@id\":\"https:\/\/www.fipsasbologna.it\/index.php\/la-sezione\/dove-siamo\/#primaryimage\"},\"datePublished\":\"2013-06-16T12:29:05+00:00\",\"dateModified\":\"2021-09-07T12:56:26+00:00\",\"breadcrumb\":{\"@id\":\"https:\/\/www.fipsasbologna.it\/index.php\/la-sezione\/dove-siamo\/#breadcrumb\"},\"inLanguage\":\"it-IT\",\"potentialAction\":[{\"@type\":\"ReadAction\",\"target\":[\"https:\/\/www.fipsasbologna.it\/index.php\/la-sezione\/dove-siamo\/\"]}]},{\"@type\":\"BreadcrumbList\",\"@id\":\"https:\/\/www.fipsasbologna.it\/index.php\/la-sezione\/dove-siamo\/#breadcrumb\",\"itemListElement\":[{\"@type\":\"ListItem\",\"position\":1,\"name\":\"Home\",\"item\":\"https:\/\/www.fipsasbologna.it\/\"},{\"@type\":\"ListItem\",\"position\":2,\"name\":\"LA SEZIONE\",\"item\":\"https:\/\/www.fipsasbologna.it\/index.php\/la-sezione\/\"},{\"@type\":\"ListItem\",\"position\":3,\"name\":\"Dove siamo\"}]}]}<\/script>\r\n<!-- \/ Yoast SEO plugin. -->","yoast_head_json":{"title":"Dove siamo - Fipsas Bologna","robots":{"index":"index","follow":"follow","max-snippet":"max-snippet:-1","max-image-preview":"max-image-preview:large","max-video-preview":"max-video-preview:-1"},"canonical":"https:\/\/www.fipsasbologna.it\/index.php\/la-sezione\/dove-siamo\/","og_locale":"it_IT","og_type":"article","og_title":"Dove siamo - Fipsas Bologna","og_description":"Sezione Provinciale Bolognavia Trattati comunitari Europei n. 7 &#8211; 40127 &#8211; BolognaTel e fax: 051 514815 &#8211; mail: bologna@fipsas.it &nbsp; ORARI APERTURA AL PUBBLICO &nbsp; Luned\u00ec dalle 9,00 alle 13,00 per campi gara e campionati Marted\u00ec dalle 9,00 alle 13,00 &nbsp; Mercoled\u00ec chiuso &nbsp; &nbsp; Gioved&#8217; dalle 13,00 alle 16,00 &nbsp; Venerd\u00ec chiuso &nbsp; &nbsp; [&hellip;]","og_url":"https:\/\/www.fipsasbologna.it\/index.php\/la-sezione\/dove-siamo\/","og_site_name":"Fipsas Bologna","article_modified_time":"2021-09-07T12:56:26+00:00","og_image":[{"url":"https:\/\/www.fipsasbologna.it\/wp-content\/uploads\/2021\/09\/Coni2-1024x544.jpg"}],"twitter_card":"summary_large_image","twitter_misc":{"Tempo di lettura stimato":"1 minuto"},"schema":{"@context":"https:\/\/schema.org","@graph":[{"@type":"WebSite","@id":"https:\/\/www.fipsasbologna.it\/#website","url":"https:\/\/www.fipsasbologna.it\/","name":"Fipsas Bologna","description":"","potentialAction":[{"@type":"SearchAction","target":{"@type":"EntryPoint","urlTemplate":"https:\/\/www.fipsasbologna.it\/?s={search_term_string}"},"query-input":"required name=search_term_string"}],"inLanguage":"it-IT"},{"@type":"ImageObject","@id":"https:\/\/www.fipsasbologna.it\/index.php\/la-sezione\/dove-siamo\/#primaryimage","inLanguage":"it-IT","url":"https:\/\/www.fipsasbologna.it\/wp-content\/uploads\/2021\/09\/Coni2.jpg","contentUrl":"https:\/\/www.fipsasbologna.it\/wp-content\/uploads\/2021\/09\/Coni2.jpg","width":1059,"height":563},{"@type":"WebPage","@id":"https:\/\/www.fipsasbologna.it\/index.php\/la-sezione\/dove-siamo\/#webpage","url":"https:\/\/www.fipsasbologna.it\/index.php\/la-sezione\/dove-siamo\/","name":"Dove siamo - Fipsas Bologna","isPartOf":{"@id":"https:\/\/www.fipsasbologna.it\/#website"},"primaryImageOfPage":{"@id":"https:\/\/www.fipsasbologna.it\/index.php\/la-sezione\/dove-siamo\/#primaryimage"},"datePublished":"2013-06-16T12:29:05+00:00","dateModified":"2021-09-07T12:56:26+00:00","breadcrumb":{"@id":"https:\/\/www.fipsasbologna.it\/index.php\/la-sezione\/dove-siamo\/#breadcrumb"},"inLanguage":"it-IT","potentialAction":[{"@type":"ReadAction","target":["https:\/\/www.fipsasbologna.it\/index.php\/la-sezione\/dove-siamo\/"]}]},{"@type":"BreadcrumbList","@id":"https:\/\/www.fipsasbologna.it\/index.php\/la-sezione\/dove-siamo\/#breadcrumb","itemListElement":[{"@type":"ListItem","position":1,"name":"Home","item":"https:\/\/www.fipsasbologna.it\/"},{"@type":"ListItem","position":2,"name":"LA SEZIONE","item":"https:\/\/www.fipsasbologna.it\/index.php\/la-sezione\/"},{"@type":"ListItem","position":3,"name":"Dove siamo"}]}]}},"_links":{"self":[{"href":"https:\/\/www.fipsasbologna.it\/index.php\/wp-json\/wp\/v2\/pages\/63"}],"collection":[{"href":"https:\/\/www.fipsasbologna.it\/index.php\/wp-json\/wp\/v2\/pages"}],"about":[{"href":"https:\/\/www.fipsasbologna.it\/index.php\/wp-json\/wp\/v2\/types\/page"}],"author":[{"embeddable":true,"href":"https:\/\/www.fipsasbologna.it\/index.php\/wp-json\/wp\/v2\/users\/1"}],"replies":[{"embeddable":true,"href":"https:\/\/www.fipsasbologna.it\/index.php\/wp-json\/wp\/v2\/comments?post=63"}],"version-history":[{"count":1,"href":"https:\/\/www.fipsasbologna.it\/index.php\/wp-json\/wp\/v2\/pages\/63\/revisions"}],"predecessor-version":[{"id":5609,"href":"https:\/\/www.fipsasbologna.it\/index.php\/wp-json\/wp\/v2\/pages\/63\/revisions\/5609"}],"up":[{"embeddable":true,"href":"https:\/\/www.fipsasbologna.it\/index.php\/wp-json\/wp\/v2\/pages\/16"}],"wp:attachment":[{"href":"https:\/\/www.fipsasbologna.it\/index.php\/wp-json\/wp\/v2\/media?parent=63"}],"curies":[{"name":"wp","href":"https:\/\/api.w.org\/{rel}","templated":true}]}}