{"id":9200,"date":"2026-04-03T10:50:31","date_gmt":"2026-04-03T08:50:31","guid":{"rendered":"https:\/\/www.fipsasbologna.it\/?page_id=9200"},"modified":"2026-04-03T10:50:36","modified_gmt":"2026-04-03T08:50:36","slug":"rinnovata-la-qualifica-coni-safeguarding-focal-point-la-fipsas-bologna-tutela-i-suoi-atleti","status":"publish","type":"page","link":"https:\/\/www.fipsasbologna.it\/index.php\/rinnovata-la-qualifica-coni-safeguarding-focal-point-la-fipsas-bologna-tutela-i-suoi-atleti\/","title":{"rendered":"Rinnovata la qualifica CONI \u201cSafeguarding Focal Point\u201d: la FIPSAS Bologna tutela i suoi atleti"},"content":{"rendered":"\n<p>L\u2019Avvocata Daniela Salardi, figura di riferimento per la tutela degli atleti all\u2019interno del Comitato Provinciale FIPSAS di Bologna, ha rinnovato con successo la<strong> propria qualifica attraverso il corso CONI \u201c<\/strong>Safeguarding Focal Point\u201d. Un passo importante che conferma l\u2019impegno della Federazione nella protezione di tutti i suoi tesserati, in linea con le direttive nazionali in materia di sport sicuro.<\/p>\n\n\n\n<h2><strong>A chi si rivolge il Safeguarding Focal Point<\/strong><\/h2>\n\n\n\n<p>La figura del Safeguarding Focal Point \u00e8 il punto di contatto e di riferimento per chiunque, nell\u2019ambito sportivo federale, si trovi in una situazione di difficolt\u00e0, disagio o abuso. L\u2019assistenza dell\u2019Avv. Salardi \u00e8 rivolta a:<\/p>\n\n\n\n<figure class=\"wp-block-table is-style-stripes\"><table><tbody><tr><td><strong>Atleti<\/strong><\/td><td>Tesserati di ogni et\u00e0 e disciplina federale, con particolare attenzione ai minori e alle categorie pi\u00f9 vulnerabili.<\/td><\/tr><tr><td><strong>Tecnici e allenatori<\/strong><\/td><td>Figure coinvolte nella gestione e nell\u2019istruzione sportiva che necessitino di supporto o chiarimenti normativi.<\/td><\/tr><tr><td><strong>Dirigenti e societ\u00e0<\/strong><\/td><td>Responsabili di societ\u00e0 affiliate che debbano gestire segnalazioni o necessitino di orientamento procedurale.<\/td><\/tr><tr><td><strong>Genitori e familiari<\/strong><\/td><td>Tutori e familiari di atleti minori che riscontrino situazioni anomale o preoccupanti nell\u2019ambiente sportivo.<\/td><\/tr><\/tbody><\/table><\/figure>\n\n\n\n<h2><strong>In quali frangenti intervenire<\/strong><\/h2>\n\n\n\n<p>Il Safeguarding Focal Point pu\u00f2 essere contattato in tutte le situazioni in cui si sospetti o si constati una violazione della dignit\u00e0, della sicurezza o dell\u2019integrit\u00e0 della persona all\u2019interno del contesto sportivo. In particolare:<\/p>\n\n\n\n<ol><li><strong>Abusi fisici, psicologici o sessuali<\/strong>: Qualsiasi forma di violenza o molestia perpetrata da tecnici, dirigenti, compagni di squadra o altri soggetti all\u2019interno dell\u2019ambiente federale.<\/li><li><strong>Comportamenti discriminatori<\/strong>: Episodi di discriminazione basata su genere, origine, religione, disabilit\u00e0 o orientamento sessuale nell\u2019ambiente sportivo.<\/li><li><strong>Situazioni di bullismo e mobbing sportivo<\/strong>: Condotte vessatorie, intimidazioni sistematiche o dinamiche di esclusione che compromettano il benessere dell\u2019atleta.<\/li><li><strong>Tutela dei minori<\/strong>: Ogni circostanza in cui si ritenga che un atleta minore non sia adeguatamente protetto, anche in assenza di episodi espliciti ma in presenza di segnali di disagio.<\/li><li><strong>Violazioni del Codice di Condotta Federale<\/strong>: Comportamenti contrari alle norme etiche e deontologiche federali che ledano l\u2019integrit\u00e0 e la serenit\u00e0 dell\u2019ambiente sportivo.<\/li><li><strong>Consulenza preventiva<\/strong>: Richiesta di informazioni e orientamento da parte di societ\u00e0, tecnici o genitori che vogliano prevenire situazioni a rischio e adottare buone pratiche di tutela.<\/li><\/ol>\n\n\n\n<figure class=\"wp-block-pullquote alignwide is-style-default\"><blockquote style=\"background: #004a90bd;color: #fff;\"><p><em>Chiunque si trovi in una delle situazioni sopra descritte \u00e8 invitato a non esitare nel prendere contatto: la riservatezza \u00e8 garantita e ogni segnalazione sar\u00e0 gestita con la massima professionalit\u00e0 e discrezione.<\/em><\/p><\/blockquote><\/figure>\n\n\n\n<h2>Contatti<\/h2>\n\n\n\n<p><strong>Avv. Daniela Salardi<\/strong> &#8211; Safeguarding Focal Point FIPSAS Bologna<\/p>\n\n\n\n<figure class=\"wp-block-table is-style-stripes\"><table><tbody><tr><td>Studio Bologna<\/td><td>Viale Enrico Panzacchi n\u00b09, 40136 Bologna<\/td><\/tr><tr><td>Studio Crevalcore<\/td><td>Via Guisa n\u00b0258, 40014 Crevalcore (BO)<\/td><\/tr><tr><td>Cellulare<\/td><td>(+39) 320 645 3074<\/td><\/tr><tr><td>Telefono<\/td><td>051 506 2519<\/td><\/tr><tr><td>Fax<\/td><td>051 035 3025<\/td><\/tr><tr><td>PEC<\/td><td>studiolegalesalardi@legalmail.it<\/td><\/tr><\/tbody><\/table><\/figure>\n","protected":false},"excerpt":{"rendered":"<p>L\u2019Avvocata Daniela Salardi, figura di riferimento per la tutela degli atleti all\u2019interno del Comitato Provinciale FIPSAS di Bologna, ha rinnovato con successo la propria qualifica attraverso il corso CONI \u201cSafeguarding Focal Point\u201d. Un passo importante che conferma l\u2019impegno della Federazione nella protezione di tutti i suoi tesserati, in linea con le direttive nazionali in materia [&hellip;]<\/p>\n<div class='heateorSssClear'><\/div><div  class='heateor_sss_sharing_container heateor_sss_horizontal_sharing' data-heateor-sss-href='https:\/\/www.fipsasbologna.it\/index.php\/rinnovata-la-qualifica-coni-safeguarding-focal-point-la-fipsas-bologna-tutela-i-suoi-atleti\/'><div class='heateor_sss_sharing_title' style=\"font-weight:bold\" >Condividi su:<\/div><div class=\"heateor_sss_sharing_ul\"><a style=\"padding:7.35px 0 !important\" class=\"heateor_sss_facebook_share\"><div class=\"fb-share-button\" data-href=\"https:\/\/www.fipsasbologna.it\/index.php\/rinnovata-la-qualifica-coni-safeguarding-focal-point-la-fipsas-bologna-tutela-i-suoi-atleti\/\" data-layout=\"button\"><\/div><\/a><\/div><div class=\"heateorSssClear\"><\/div><\/div><div class='heateorSssClear'><\/div>","protected":false},"author":1,"featured_media":0,"parent":0,"menu_order":0,"comment_status":"closed","ping_status":"closed","template":"","meta":{"ngg_post_thumbnail":0},"yoast_head":"<!-- This site is optimized with the Yoast SEO plugin v17.7.1 - https:\/\/yoast.com\/wordpress\/plugins\/seo\/ -->\r\n<title>Rinnovata la qualifica CONI \u201cSafeguarding Focal Point\u201d: la FIPSAS Bologna tutela i suoi atleti - Fipsas Bologna<\/title>\r\n<meta name=\"robots\" content=\"index, follow, max-snippet:-1, max-image-preview:large, max-video-preview:-1\" \/>\r\n<link rel=\"canonical\" href=\"https:\/\/www.fipsasbologna.it\/index.php\/rinnovata-la-qualifica-coni-safeguarding-focal-point-la-fipsas-bologna-tutela-i-suoi-atleti\/\" \/>\r\n<meta property=\"og:locale\" content=\"it_IT\" \/>\r\n<meta property=\"og:type\" content=\"article\" \/>\r\n<meta property=\"og:title\" content=\"Rinnovata la qualifica CONI \u201cSafeguarding Focal Point\u201d: la FIPSAS Bologna tutela i suoi atleti - Fipsas Bologna\" \/>\r\n<meta property=\"og:description\" content=\"L\u2019Avvocata Daniela Salardi, figura di riferimento per la tutela degli atleti all\u2019interno del Comitato Provinciale FIPSAS di Bologna, ha rinnovato con successo la propria qualifica attraverso il corso CONI \u201cSafeguarding Focal Point\u201d. Un passo importante che conferma l\u2019impegno della Federazione nella protezione di tutti i suoi tesserati, in linea con le direttive nazionali in materia [&hellip;]\" \/>\r\n<meta property=\"og:url\" content=\"https:\/\/www.fipsasbologna.it\/index.php\/rinnovata-la-qualifica-coni-safeguarding-focal-point-la-fipsas-bologna-tutela-i-suoi-atleti\/\" \/>\r\n<meta property=\"og:site_name\" content=\"Fipsas Bologna\" \/>\r\n<meta property=\"article:modified_time\" content=\"2026-04-03T08:50:36+00:00\" \/>\r\n<meta name=\"twitter:card\" content=\"summary_large_image\" \/>\r\n<meta name=\"twitter:label1\" content=\"Tempo di lettura stimato\" \/>\n\t<meta name=\"twitter:data1\" content=\"2 minuti\" \/>\r\n<script type=\"application\/ld+json\" class=\"yoast-schema-graph\">{\"@context\":\"https:\/\/schema.org\",\"@graph\":[{\"@type\":\"WebSite\",\"@id\":\"https:\/\/www.fipsasbologna.it\/#website\",\"url\":\"https:\/\/www.fipsasbologna.it\/\",\"name\":\"Fipsas Bologna\",\"description\":\"\",\"potentialAction\":[{\"@type\":\"SearchAction\",\"target\":{\"@type\":\"EntryPoint\",\"urlTemplate\":\"https:\/\/www.fipsasbologna.it\/?s={search_term_string}\"},\"query-input\":\"required name=search_term_string\"}],\"inLanguage\":\"it-IT\"},{\"@type\":\"WebPage\",\"@id\":\"https:\/\/www.fipsasbologna.it\/index.php\/rinnovata-la-qualifica-coni-safeguarding-focal-point-la-fipsas-bologna-tutela-i-suoi-atleti\/#webpage\",\"url\":\"https:\/\/www.fipsasbologna.it\/index.php\/rinnovata-la-qualifica-coni-safeguarding-focal-point-la-fipsas-bologna-tutela-i-suoi-atleti\/\",\"name\":\"Rinnovata la qualifica CONI \\u201cSafeguarding Focal Point\\u201d: la FIPSAS Bologna tutela i suoi atleti - Fipsas Bologna\",\"isPartOf\":{\"@id\":\"https:\/\/www.fipsasbologna.it\/#website\"},\"datePublished\":\"2026-04-03T08:50:31+00:00\",\"dateModified\":\"2026-04-03T08:50:36+00:00\",\"breadcrumb\":{\"@id\":\"https:\/\/www.fipsasbologna.it\/index.php\/rinnovata-la-qualifica-coni-safeguarding-focal-point-la-fipsas-bologna-tutela-i-suoi-atleti\/#breadcrumb\"},\"inLanguage\":\"it-IT\",\"potentialAction\":[{\"@type\":\"ReadAction\",\"target\":[\"https:\/\/www.fipsasbologna.it\/index.php\/rinnovata-la-qualifica-coni-safeguarding-focal-point-la-fipsas-bologna-tutela-i-suoi-atleti\/\"]}]},{\"@type\":\"BreadcrumbList\",\"@id\":\"https:\/\/www.fipsasbologna.it\/index.php\/rinnovata-la-qualifica-coni-safeguarding-focal-point-la-fipsas-bologna-tutela-i-suoi-atleti\/#breadcrumb\",\"itemListElement\":[{\"@type\":\"ListItem\",\"position\":1,\"name\":\"Home\",\"item\":\"https:\/\/www.fipsasbologna.it\/\"},{\"@type\":\"ListItem\",\"position\":2,\"name\":\"Rinnovata la qualifica CONI \\u201cSafeguarding Focal Point\\u201d: la FIPSAS Bologna tutela i suoi atleti\"}]}]}<\/script>\r\n<!-- \/ Yoast SEO plugin. -->","yoast_head_json":{"title":"Rinnovata la qualifica CONI \u201cSafeguarding Focal Point\u201d: la FIPSAS Bologna tutela i suoi atleti - Fipsas Bologna","robots":{"index":"index","follow":"follow","max-snippet":"max-snippet:-1","max-image-preview":"max-image-preview:large","max-video-preview":"max-video-preview:-1"},"canonical":"https:\/\/www.fipsasbologna.it\/index.php\/rinnovata-la-qualifica-coni-safeguarding-focal-point-la-fipsas-bologna-tutela-i-suoi-atleti\/","og_locale":"it_IT","og_type":"article","og_title":"Rinnovata la qualifica CONI \u201cSafeguarding Focal Point\u201d: la FIPSAS Bologna tutela i suoi atleti - Fipsas Bologna","og_description":"L\u2019Avvocata Daniela Salardi, figura di riferimento per la tutela degli atleti all\u2019interno del Comitato Provinciale FIPSAS di Bologna, ha rinnovato con successo la propria qualifica attraverso il corso CONI \u201cSafeguarding Focal Point\u201d. Un passo importante che conferma l\u2019impegno della Federazione nella protezione di tutti i suoi tesserati, in linea con le direttive nazionali in materia [&hellip;]","og_url":"https:\/\/www.fipsasbologna.it\/index.php\/rinnovata-la-qualifica-coni-safeguarding-focal-point-la-fipsas-bologna-tutela-i-suoi-atleti\/","og_site_name":"Fipsas Bologna","article_modified_time":"2026-04-03T08:50:36+00:00","twitter_card":"summary_large_image","twitter_misc":{"Tempo di lettura stimato":"2 minuti"},"schema":{"@context":"https:\/\/schema.org","@graph":[{"@type":"WebSite","@id":"https:\/\/www.fipsasbologna.it\/#website","url":"https:\/\/www.fipsasbologna.it\/","name":"Fipsas Bologna","description":"","potentialAction":[{"@type":"SearchAction","target":{"@type":"EntryPoint","urlTemplate":"https:\/\/www.fipsasbologna.it\/?s={search_term_string}"},"query-input":"required name=search_term_string"}],"inLanguage":"it-IT"},{"@type":"WebPage","@id":"https:\/\/www.fipsasbologna.it\/index.php\/rinnovata-la-qualifica-coni-safeguarding-focal-point-la-fipsas-bologna-tutela-i-suoi-atleti\/#webpage","url":"https:\/\/www.fipsasbologna.it\/index.php\/rinnovata-la-qualifica-coni-safeguarding-focal-point-la-fipsas-bologna-tutela-i-suoi-atleti\/","name":"Rinnovata la qualifica CONI \u201cSafeguarding Focal Point\u201d: la FIPSAS Bologna tutela i suoi atleti - Fipsas Bologna","isPartOf":{"@id":"https:\/\/www.fipsasbologna.it\/#website"},"datePublished":"2026-04-03T08:50:31+00:00","dateModified":"2026-04-03T08:50:36+00:00","breadcrumb":{"@id":"https:\/\/www.fipsasbologna.it\/index.php\/rinnovata-la-qualifica-coni-safeguarding-focal-point-la-fipsas-bologna-tutela-i-suoi-atleti\/#breadcrumb"},"inLanguage":"it-IT","potentialAction":[{"@type":"ReadAction","target":["https:\/\/www.fipsasbologna.it\/index.php\/rinnovata-la-qualifica-coni-safeguarding-focal-point-la-fipsas-bologna-tutela-i-suoi-atleti\/"]}]},{"@type":"BreadcrumbList","@id":"https:\/\/www.fipsasbologna.it\/index.php\/rinnovata-la-qualifica-coni-safeguarding-focal-point-la-fipsas-bologna-tutela-i-suoi-atleti\/#breadcrumb","itemListElement":[{"@type":"ListItem","position":1,"name":"Home","item":"https:\/\/www.fipsasbologna.it\/"},{"@type":"ListItem","position":2,"name":"Rinnovata la qualifica CONI \u201cSafeguarding Focal Point\u201d: la FIPSAS Bologna tutela i suoi atleti"}]}]}},"_links":{"self":[{"href":"https:\/\/www.fipsasbologna.it\/index.php\/wp-json\/wp\/v2\/pages\/9200"}],"collection":[{"href":"https:\/\/www.fipsasbologna.it\/index.php\/wp-json\/wp\/v2\/pages"}],"about":[{"href":"https:\/\/www.fipsasbologna.it\/index.php\/wp-json\/wp\/v2\/types\/page"}],"author":[{"embeddable":true,"href":"https:\/\/www.fipsasbologna.it\/index.php\/wp-json\/wp\/v2\/users\/1"}],"replies":[{"embeddable":true,"href":"https:\/\/www.fipsasbologna.it\/index.php\/wp-json\/wp\/v2\/comments?post=9200"}],"version-history":[{"count":8,"href":"https:\/\/www.fipsasbologna.it\/index.php\/wp-json\/wp\/v2\/pages\/9200\/revisions"}],"predecessor-version":[{"id":9208,"href":"https:\/\/www.fipsasbologna.it\/index.php\/wp-json\/wp\/v2\/pages\/9200\/revisions\/9208"}],"wp:attachment":[{"href":"https:\/\/www.fipsasbologna.it\/index.php\/wp-json\/wp\/v2\/media?parent=9200"}],"curies":[{"name":"wp","href":"https:\/\/api.w.org\/{rel}","templated":true}]}}